{"id":619,"date":"2025-04-07T16:06:52","date_gmt":"2025-04-07T16:06:52","guid":{"rendered":"https:\/\/rafaelalviarez.site\/efa\/?page_id=619"},"modified":"2025-04-08T19:08:52","modified_gmt":"2025-04-08T19:08:52","slug":"consentimiento-para-el-tratamiento-de-datos-personales","status":"publish","type":"page","link":"https:\/\/flechelle.com\/wp1\/consentimiento-para-el-tratamiento-de-datos-personales\/","title":{"rendered":"Consentimiento para el tratamiento de datos personales"},"content":{"rendered":"\t\t<div data-elementor-type=\"wp-page\" data-elementor-id=\"619\" class=\"elementor elementor-619\" data-elementor-post-type=\"page\">\n\t\t\t\t<div class=\"elementor-element elementor-element-9454811 e-flex e-con-boxed e-con e-parent\" data-id=\"9454811\" data-element_type=\"container\">\n\t\t\t\t\t<div class=\"e-con-inner\">\n\t\t\t\t<div class=\"elementor-element elementor-element-61d2c4e elementor-widget elementor-widget-heading\" data-id=\"61d2c4e\" data-element_type=\"widget\" data-widget_type=\"heading.default\">\n\t\t\t\t<div class=\"elementor-widget-container\">\n\t\t\t\t\t<h2 class=\"elementor-heading-title elementor-size-default\">Consentimiento para el tratamiento de datos personales<\/h2>\t\t\t\t<\/div>\n\t\t\t\t<\/div>\n\t\t\t\t<div class=\"elementor-element elementor-element-044fe47 elementor-widget elementor-widget-text-editor\" data-id=\"044fe47\" data-element_type=\"widget\" data-widget_type=\"text-editor.default\">\n\t\t\t\t<div class=\"elementor-widget-container\">\n\t\t\t\t\t\t\t\t\t<p>En cumplimiento de la Ley de Protecci\u00f3n de Datos Personales y su Reglamento, y\/o sus normas complementarias, modificatorias, sustitutorias y dem\u00e1s disposiciones aplicables, al dar click en Aceptar estos t\u00e9rminos, otorga consentimiento voluntario, libre, previo, expreso, informado e inequ\u00edvoco a INVERSIONES EFA S.A.C., con R.U.C. N\u00b0 20600038959, y domicilio en Av. Tomas Marsano nro. 2650 urb. Alexander Von Humboldt Lima &#8211; Lima &#8211; Miraflores, Taller Oficial de la marca VOLKSWAGEN en el Per\u00fa para que realice por plazo indefinido, el tratamiento, destino, flujo, recopilaci\u00f3n, registro, almacenamiento, consulta, utilizaci\u00f3n, comunicaci\u00f3n, y transferencia, en cualquiera de sus modalidades, medios o soportes, local o transfronterizo, de la informaci\u00f3n y los datos personales y de identificaci\u00f3n que haya podido proporcionar bajo cualquier medio o modalidad, directa o indirecta, f\u00edsica o virtual, incluyendo nombres, apellidos, datos de identificaci\u00f3n, perfil, direcci\u00f3n, n\u00fameros telef\u00f3nicos, correos electr\u00f3nicos, imagen, caracter\u00edsticas e informaci\u00f3n de veh\u00edculos, incidencias de servicio, comportamiento y de desempe\u00f1o de funcionamiento de sus veh\u00edculos y de todo aquello que registren los m\u00f3dulos inform\u00e1ticos o computadoras de a bordo de estos, art\u00edculos o servicios de inter\u00e9s, victorias y\/o participaci\u00f3n en promociones comerciales, concursos y\/o sorteos, encuestas, preferencias e intereses en general, datos econ\u00f3micos, financieros y de seguros, y relaciones sociales; para ser utilizados para fines administrativos, comerciales, de publicidad, de segmentaci\u00f3n, estad\u00edsticos, financieros, de ubicaci\u00f3n, de negociaci\u00f3n y\/o contrataci\u00f3n de productos y servicios, de seguimiento de intervalos de servicio para veh\u00edculos, de investigaci\u00f3n, seguimiento, verificaci\u00f3n, observaci\u00f3n, implementaci\u00f3n y desarrollo de productos y servicios de veh\u00edculos, y de difusi\u00f3n de la imagen de las marcas de estos, de asesor\u00eda, de atenci\u00f3n de reclamos y solicitudes, de absoluci\u00f3n de consultas, de encuestas de satisfacci\u00f3n de clientes, de ofrecimiento y venta de productos y servicios en general, incluidos los digitales, a trav\u00e9s de interfaces digitales, de promociones comerciales, de concursos y participaci\u00f3n en programas de lealtad y\/o recompensas, promociones y sorteos, y de ofrecimientos en general directa o indirectamente relacionados con las actividades del emisor y del receptor de este documento, su interacci\u00f3n entre ellos, y de cualquiera que pueda tener alguna vinculaci\u00f3n. De igual forma, otorga consentimiento para recibir promociones, publicidad, avisos, encuestas y comunicaciones, individual y\/o masiva de productos y servicios, y\/o sobre el tratamiento de sus datos, mediante centros de llamada (call centers), sistemas de llamado telef\u00f3nico, env\u00edo de mensajes de texto a celular, o de mensajes electr\u00f3nicos masivos, y a trav\u00e9s de cualquier tipo de comunicaci\u00f3n electr\u00f3nica, telef\u00f3nica, escrita, virtual, aplicaciones inform\u00e1ticas, o bajo cualquier medio o plataforma.<\/p><p>Los datos personales recogidos ser\u00e1n incorporados y tratados en un Banco de Datos de titularidad INVERSIONES EFA S.A., cuya existencia conoce el aceptante de este documento, que es automatizado y no automatizado, garantiz\u00e1ndose de manera expresa las medidas de seguridad t\u00e9cnica, organizativa y legal para el tratamiento, seguridad y confidencialidad de los datos de car\u00e1cter personal facilitados por sus clientes. Seguridad y confidencialidad que se asegura igualmente para la transferencia y\/o flujo transfronterizo de los mismos. Los datos se conservar\u00e1n por plazo indefinido.<\/p><p>El aceptante ha sido debidamente informado que los datos personales que en este acto consiente para su tratamiento, o que haga en un futuro durante las relaciones o acercamientos comerciales, promocionales, publicitarios, de asesor\u00eda, de gesti\u00f3n, de investigaci\u00f3n, de servicio, encuestas, y\/o para satisfacer cualquiera de las finalidades antes descritas, que tenga o pudiese tener, son de car\u00e1cter facultativo, y no est\u00e1 obligado a proporcionarlos, a excepci\u00f3n de aquellos datos de identificaci\u00f3n personal destinados y necesarios para la ejecuci\u00f3n de las relaciones contractuales que pueda sostener con \u00e9sta, o en los supuestos permitidos y legitimados por ley, para los cuales no se requiere consentimiento de acuerdo a ley. El otorgamiento de los datos personales que por este consentimiento voluntaria y conscientemente se realiza, tendr\u00e1 como consecuencia que podr\u00e1n tratarlos con veracidad, calidad y proporcionalidad para las finalidades antes indicadas y para la ejecuci\u00f3n de las relaciones contractuales, de servicio y fidelizaci\u00f3n que el aceptante tenga con \u00e9sta; la negativa a otorgar dichos datos personales impedir\u00e1 su tratamiento, a excepci\u00f3n de los supuestos permitidos por ley. De esta manera, con el objeto de poder asegurar un debido y oportuno servicio t\u00e9cnico, soporte de postventa, cumplimiento de garant\u00edas ofrecidas, as\u00ed como para mantener el uso y disfrute de todas las funcionalidades, beneficios y prestaciones que a nivel mundial ofrece la marca del veh\u00edculo adquirido por el titular de los datos personales, y siendo obligaci\u00f3n contractual de INVERSIONES EFA S.A.C. asegurar que todos los usuarios de dicha marca puedan acceder a ello, se informa al titular que sus datos personales son necesarios e indispensables para la preparaci\u00f3n, celebraci\u00f3n y ejecuci\u00f3n de la relaci\u00f3n contractual en la que es parte por ser usuario de la marca del veh\u00edculo adquirido, por lo que los mismos podr\u00e1n y ser\u00e1n tratados para el cumplimiento de esa finalidad contractual, en la que est\u00e1 involucrada y forman parte directa el fabricante del veh\u00edculo, el importador y los concesionarios autorizados de la marca del mismo, como parte esencial e integral de la cadena de distribuci\u00f3n y prestaci\u00f3n de servicios necesarios para \u00e9ste, conforme a la excepci\u00f3n regulada en el inciso 5) del art\u00edculo 14\u00b0 de la Ley de Protecci\u00f3n de Datos Personales, es decir, sin necesidad de consentimiento previo, incluyendo encargos de tratamiento y\/o transferencias.<\/p><p>El aceptante de este documento tiene la facultad de solicitar en cualquier momento y de manera gratuita e irrestricta tener acceso a la informaci\u00f3n de los datos personales proporcionados por \u00e9ste, la forma y razones por la que los otorg\u00f3, las transferencias realizadas o que se prev\u00e9n hacer, as\u00ed como a actualizarlos, hacer inclusiones o agregados, rectificar los mismos, hacer supresiones, cancelarlos, plantear oposiciones, revocarlos o denegarlos total o parcialmente, as\u00ed como plantear los reclamos y solicitudes respecto de los mismos. Para ello, el aceptante podr\u00e1 ejercer dichos derechos enviando una comunicaci\u00f3n escrita simple al domicilio f\u00edsico de INVERSIONES EFA S.A.C. precisado al inicio de este documento, o una comunicaci\u00f3n v\u00eda correo electr\u00f3nico a la direcci\u00f3n <strong>contacto@flechelle.com.pe,<\/strong>, haciendo la precisi\u00f3n clara y expresa de su pedido, el cual ser\u00e1 atendido dentro del plazo de ley.<\/p><p>El responsable de este Banco de Datos es INVERSIONES EFA S.A.C., por lo que el destino de los datos ser\u00e1 el mismo Banco de Datos y para que \u00e9sta los pueda tratar conforme a lo autorizado en este documento, y para los fines espec\u00edficos antes indicados, sin perjuicio de la autorizaci\u00f3n expresa y consentida de flujo nacional e internacional o transfronterizo que tambi\u00e9n se otorga en este acto. En tal sentido, el otorgante autoriza y presta su consentimiento previo, expreso, libre e informado, para que INVERSIONES EFA S.A.C. pueda compartir sus datos personales mediante la transferencia y\/o encargo de tratamiento, local y\/o transfronterizo, a las empresas que forman parte de la RED DE CONCESIONARIOS VOLKSWAGEN o TALLERES AUTORIZADOS VOLKSWAGEN (cuyo detalle e identidad se puede verificar en el siguiente\u00a0<strong><a href=\"https:\/\/www.volkswagen.com.pe\/es\/concesionarios_y_talleres.html\" target=\"_blank\" rel=\"noopener noreferrer\">link<\/a><\/strong>, y para el caso de los nuevos concesionario o talleres que en el futuro se puedan incorporar de manera posterior al presente consentimiento); as\u00ed como al representante en el Per\u00fa de la marca de veh\u00edculos VOLKSWAGEN EUROMOTORS S.A., y tambi\u00e9n al fabricante de veh\u00edculos la empresa alemana VOLKSWAGEN AG; ; de igual manera, el otorgante autoriza y presta su consentimiento previo, expreso, libre e informado, para que\u00a0<strong>INVERSIONES EFA S.A.C.<\/strong>\u00a0pueda compartir sus datos personales mediante la transferencia y\/o encargo de tratamiento, local y\/o transfronterizo, con las empresas del sistema financiero peruano debidamente identificadas, acreditadas y autorizadas por la Superintendencia de Banca, Seguros y AFP del Per\u00fa (cuyo detalle e identidad se puede verificar en el siguiente\u00a0<strong><a href=\"https:\/\/www.sbs.gob.pe\/usuarios\/informacion-financiera\/informalidad-financiera\/relacion-de-entidades-autorizadas-a-recibir-depositos-del-publico\/relacion-de-entidades-autorizadas-a-captar-depositos\" target=\"_blank\" rel=\"noopener noreferrer\">link<\/a><\/strong>), as\u00ed como a empresas Administradoras de Fondos Colectivos autorizadas por la Superintendencia del Mercado de Valores (cuyo detalle e identidad se puede aprecia en el siguiente\u00a0<strong><a href=\"https:\/\/www.smv.gob.pe\/Frm_SabDirectorio_Safm?data=C1DFDB1CAFC18D1AF8FCA9DEDB36C2314DC14DD98C\" target=\"_blank\" rel=\"noopener noreferrer\">link<\/a><\/strong>). Los receptores de datos personales asumen las mismas obligaciones y\/o responsabilidades que\u00a0<strong>INVERSIONES EFA S.A.C.<\/strong>, estableci\u00e9ndose que dichos receptores podr\u00e1n utilizar los datos personales del cliente \u00fanicamente para las mismas finalidades y destino regulado en el presente documento, y garantiz\u00e1ndose que los mismos respeten igualmente la protecci\u00f3n, seguridad y confidencialidad de dichos datos, as\u00ed como el ejercicio pleno ante estos de sus derechos. Asimismo, se asegura que el flujo y transferencia de datos, sea transfronterizo o no, as\u00ed como su tratamiento, se realizar\u00e1 de manera segura y confidencial.<\/p>\t\t\t\t\t\t\t\t<\/div>\n\t\t\t\t<\/div>\n\t\t\t\t\t<\/div>\n\t\t\t\t<\/div>\n\t\t\t\t<\/div>\n\t\t","protected":false},"excerpt":{"rendered":"<p>Consentimiento para el tratamiento de datos personales En cumplimiento de la Ley de Protecci\u00f3n de Datos Personales y su Reglamento, y\/o sus normas complementarias, modificatorias, sustitutorias y dem\u00e1s disposiciones aplicables, al dar click en Aceptar estos t\u00e9rminos, otorga consentimiento voluntario, libre, previo, expreso, informado e inequ\u00edvoco a INVERSIONES EFA S.A.C., con R.U.C. N\u00b0 20600038959, y [&hellip;]<\/p>\n","protected":false},"author":1,"featured_media":0,"parent":0,"menu_order":0,"comment_status":"closed","ping_status":"closed","template":"","meta":{"footnotes":""},"class_list":["post-619","page","type-page","status-publish","hentry"],"yoast_head":"<!-- This site is optimized with the Yoast SEO plugin v27.2 - https:\/\/yoast.com\/product\/yoast-seo-wordpress\/ -->\n<title>Consentimiento para el tratamiento de datos personales - EFA | Flechelle<\/title>\n<meta name=\"robots\" content=\"index, follow, max-snippet:-1, max-image-preview:large, max-video-preview:-1\" \/>\n<link rel=\"canonical\" href=\"https:\/\/flechelle.com\/wp1\/consentimiento-para-el-tratamiento-de-datos-personales\/\" \/>\n<meta property=\"og:locale\" content=\"es_ES\" \/>\n<meta property=\"og:type\" content=\"article\" \/>\n<meta property=\"og:title\" content=\"Consentimiento para el tratamiento de datos personales - EFA | Flechelle\" \/>\n<meta property=\"og:description\" content=\"Consentimiento para el tratamiento de datos personales En cumplimiento de la Ley de Protecci\u00f3n de Datos Personales y su Reglamento, y\/o sus normas complementarias, modificatorias, sustitutorias y dem\u00e1s disposiciones aplicables, al dar click en Aceptar estos t\u00e9rminos, otorga consentimiento voluntario, libre, previo, expreso, informado e inequ\u00edvoco a INVERSIONES EFA S.A.C., con R.U.C. N\u00b0 20600038959, y [&hellip;]\" \/>\n<meta property=\"og:url\" content=\"https:\/\/flechelle.com\/wp1\/consentimiento-para-el-tratamiento-de-datos-personales\/\" \/>\n<meta property=\"og:site_name\" content=\"EFA | Flechelle\" \/>\n<meta property=\"article:publisher\" content=\"https:\/\/www.facebook.com\/EFAFlechelle\/\" \/>\n<meta property=\"article:modified_time\" content=\"2025-04-08T19:08:52+00:00\" \/>\n<meta property=\"og:image\" content=\"https:\/\/flechelle.com\/wp1\/wp-content\/uploads\/2025\/03\/cropped-61321f3b00feb70004beb7bc.png\" \/>\n\t<meta property=\"og:image:width\" content=\"512\" \/>\n\t<meta property=\"og:image:height\" content=\"512\" \/>\n\t<meta property=\"og:image:type\" content=\"image\/png\" \/>\n<meta name=\"twitter:card\" content=\"summary_large_image\" \/>\n<meta name=\"twitter:label1\" content=\"Tiempo de lectura\" \/>\n\t<meta name=\"twitter:data1\" content=\"8 minutos\" \/>\n<script type=\"application\/ld+json\" class=\"yoast-schema-graph\">{\"@context\":\"https:\/\/schema.org\",\"@graph\":[{\"@type\":\"WebPage\",\"@id\":\"https:\/\/flechelle.com\/wp1\/consentimiento-para-el-tratamiento-de-datos-personales\/\",\"url\":\"https:\/\/flechelle.com\/wp1\/consentimiento-para-el-tratamiento-de-datos-personales\/\",\"name\":\"Consentimiento para el tratamiento de datos personales - EFA | Flechelle\",\"isPartOf\":{\"@id\":\"https:\/\/flechelle.com\/wp1\/#website\"},\"datePublished\":\"2025-04-07T16:06:52+00:00\",\"dateModified\":\"2025-04-08T19:08:52+00:00\",\"breadcrumb\":{\"@id\":\"https:\/\/flechelle.com\/wp1\/consentimiento-para-el-tratamiento-de-datos-personales\/#breadcrumb\"},\"inLanguage\":\"es\",\"potentialAction\":[{\"@type\":\"ReadAction\",\"target\":[\"https:\/\/flechelle.com\/wp1\/consentimiento-para-el-tratamiento-de-datos-personales\/\"]}]},{\"@type\":\"BreadcrumbList\",\"@id\":\"https:\/\/flechelle.com\/wp1\/consentimiento-para-el-tratamiento-de-datos-personales\/#breadcrumb\",\"itemListElement\":[{\"@type\":\"ListItem\",\"position\":1,\"name\":\"Portada\",\"item\":\"https:\/\/flechelle.com\/wp1\/\"},{\"@type\":\"ListItem\",\"position\":2,\"name\":\"Consentimiento para el tratamiento de datos personales\"}]},{\"@type\":\"WebSite\",\"@id\":\"https:\/\/flechelle.com\/wp1\/#website\",\"url\":\"https:\/\/flechelle.com\/wp1\/\",\"name\":\"EFA | Flechelle\",\"description\":\"Taller Oficial Volkswagen en Lima, Per\u00fa\",\"publisher\":{\"@id\":\"https:\/\/flechelle.com\/wp1\/#organization\"},\"potentialAction\":[{\"@type\":\"SearchAction\",\"target\":{\"@type\":\"EntryPoint\",\"urlTemplate\":\"https:\/\/flechelle.com\/wp1\/?s={search_term_string}\"},\"query-input\":{\"@type\":\"PropertyValueSpecification\",\"valueRequired\":true,\"valueName\":\"search_term_string\"}}],\"inLanguage\":\"es\"},{\"@type\":\"Organization\",\"@id\":\"https:\/\/flechelle.com\/wp1\/#organization\",\"name\":\"EFA | Flechelle\",\"url\":\"https:\/\/flechelle.com\/wp1\/\",\"logo\":{\"@type\":\"ImageObject\",\"inLanguage\":\"es\",\"@id\":\"https:\/\/flechelle.com\/wp1\/#\/schema\/logo\/image\/\",\"url\":\"https:\/\/flechelle.com\/wp1\/wp-content\/uploads\/2025\/03\/cropped-61321f3b00feb70004beb7bc.png\",\"contentUrl\":\"https:\/\/flechelle.com\/wp1\/wp-content\/uploads\/2025\/03\/cropped-61321f3b00feb70004beb7bc.png\",\"width\":512,\"height\":512,\"caption\":\"EFA | Flechelle\"},\"image\":{\"@id\":\"https:\/\/flechelle.com\/wp1\/#\/schema\/logo\/image\/\"},\"sameAs\":[\"https:\/\/www.facebook.com\/EFAFlechelle\/\",\"https:\/\/www.linkedin.com\/company\/wolkswagen-flechelle\/\"]}]}<\/script>\n<!-- \/ Yoast SEO plugin. -->","yoast_head_json":{"title":"Consentimiento para el tratamiento de datos personales - EFA | Flechelle","robots":{"index":"index","follow":"follow","max-snippet":"max-snippet:-1","max-image-preview":"max-image-preview:large","max-video-preview":"max-video-preview:-1"},"canonical":"https:\/\/flechelle.com\/wp1\/consentimiento-para-el-tratamiento-de-datos-personales\/","og_locale":"es_ES","og_type":"article","og_title":"Consentimiento para el tratamiento de datos personales - EFA | Flechelle","og_description":"Consentimiento para el tratamiento de datos personales En cumplimiento de la Ley de Protecci\u00f3n de Datos Personales y su Reglamento, y\/o sus normas complementarias, modificatorias, sustitutorias y dem\u00e1s disposiciones aplicables, al dar click en Aceptar estos t\u00e9rminos, otorga consentimiento voluntario, libre, previo, expreso, informado e inequ\u00edvoco a INVERSIONES EFA S.A.C., con R.U.C. N\u00b0 20600038959, y [&hellip;]","og_url":"https:\/\/flechelle.com\/wp1\/consentimiento-para-el-tratamiento-de-datos-personales\/","og_site_name":"EFA | Flechelle","article_publisher":"https:\/\/www.facebook.com\/EFAFlechelle\/","article_modified_time":"2025-04-08T19:08:52+00:00","og_image":[{"width":512,"height":512,"url":"https:\/\/flechelle.com\/wp1\/wp-content\/uploads\/2025\/03\/cropped-61321f3b00feb70004beb7bc.png","type":"image\/png"}],"twitter_card":"summary_large_image","twitter_misc":{"Tiempo de lectura":"8 minutos"},"schema":{"@context":"https:\/\/schema.org","@graph":[{"@type":"WebPage","@id":"https:\/\/flechelle.com\/wp1\/consentimiento-para-el-tratamiento-de-datos-personales\/","url":"https:\/\/flechelle.com\/wp1\/consentimiento-para-el-tratamiento-de-datos-personales\/","name":"Consentimiento para el tratamiento de datos personales - EFA | Flechelle","isPartOf":{"@id":"https:\/\/flechelle.com\/wp1\/#website"},"datePublished":"2025-04-07T16:06:52+00:00","dateModified":"2025-04-08T19:08:52+00:00","breadcrumb":{"@id":"https:\/\/flechelle.com\/wp1\/consentimiento-para-el-tratamiento-de-datos-personales\/#breadcrumb"},"inLanguage":"es","potentialAction":[{"@type":"ReadAction","target":["https:\/\/flechelle.com\/wp1\/consentimiento-para-el-tratamiento-de-datos-personales\/"]}]},{"@type":"BreadcrumbList","@id":"https:\/\/flechelle.com\/wp1\/consentimiento-para-el-tratamiento-de-datos-personales\/#breadcrumb","itemListElement":[{"@type":"ListItem","position":1,"name":"Portada","item":"https:\/\/flechelle.com\/wp1\/"},{"@type":"ListItem","position":2,"name":"Consentimiento para el tratamiento de datos personales"}]},{"@type":"WebSite","@id":"https:\/\/flechelle.com\/wp1\/#website","url":"https:\/\/flechelle.com\/wp1\/","name":"EFA | Flechelle","description":"Taller Oficial Volkswagen en Lima, Per\u00fa","publisher":{"@id":"https:\/\/flechelle.com\/wp1\/#organization"},"potentialAction":[{"@type":"SearchAction","target":{"@type":"EntryPoint","urlTemplate":"https:\/\/flechelle.com\/wp1\/?s={search_term_string}"},"query-input":{"@type":"PropertyValueSpecification","valueRequired":true,"valueName":"search_term_string"}}],"inLanguage":"es"},{"@type":"Organization","@id":"https:\/\/flechelle.com\/wp1\/#organization","name":"EFA | Flechelle","url":"https:\/\/flechelle.com\/wp1\/","logo":{"@type":"ImageObject","inLanguage":"es","@id":"https:\/\/flechelle.com\/wp1\/#\/schema\/logo\/image\/","url":"https:\/\/flechelle.com\/wp1\/wp-content\/uploads\/2025\/03\/cropped-61321f3b00feb70004beb7bc.png","contentUrl":"https:\/\/flechelle.com\/wp1\/wp-content\/uploads\/2025\/03\/cropped-61321f3b00feb70004beb7bc.png","width":512,"height":512,"caption":"EFA | Flechelle"},"image":{"@id":"https:\/\/flechelle.com\/wp1\/#\/schema\/logo\/image\/"},"sameAs":["https:\/\/www.facebook.com\/EFAFlechelle\/","https:\/\/www.linkedin.com\/company\/wolkswagen-flechelle\/"]}]}},"_links":{"self":[{"href":"https:\/\/flechelle.com\/wp1\/wp-json\/wp\/v2\/pages\/619","targetHints":{"allow":["GET"]}}],"collection":[{"href":"https:\/\/flechelle.com\/wp1\/wp-json\/wp\/v2\/pages"}],"about":[{"href":"https:\/\/flechelle.com\/wp1\/wp-json\/wp\/v2\/types\/page"}],"author":[{"embeddable":true,"href":"https:\/\/flechelle.com\/wp1\/wp-json\/wp\/v2\/users\/1"}],"replies":[{"embeddable":true,"href":"https:\/\/flechelle.com\/wp1\/wp-json\/wp\/v2\/comments?post=619"}],"version-history":[{"count":11,"href":"https:\/\/flechelle.com\/wp1\/wp-json\/wp\/v2\/pages\/619\/revisions"}],"predecessor-version":[{"id":945,"href":"https:\/\/flechelle.com\/wp1\/wp-json\/wp\/v2\/pages\/619\/revisions\/945"}],"wp:attachment":[{"href":"https:\/\/flechelle.com\/wp1\/wp-json\/wp\/v2\/media?parent=619"}],"curies":[{"name":"wp","href":"https:\/\/api.w.org\/{rel}","templated":true}]}}