{"id":611,"date":"2025-04-07T16:04:40","date_gmt":"2025-04-07T16:04:40","guid":{"rendered":"https:\/\/rafaelalviarez.site\/efa\/?page_id=611"},"modified":"2025-04-08T19:06:03","modified_gmt":"2025-04-08T19:06:03","slug":"politicas-de-privacidad","status":"publish","type":"page","link":"https:\/\/flechelle.com\/wp1\/politicas-de-privacidad\/","title":{"rendered":"Pol\u00edticas de Privacidad"},"content":{"rendered":"\t\t<div data-elementor-type=\"wp-page\" data-elementor-id=\"611\" class=\"elementor elementor-611\" data-elementor-post-type=\"page\">\n\t\t\t\t<div class=\"elementor-element elementor-element-baa6e18 e-flex e-con-boxed e-con e-parent\" data-id=\"baa6e18\" data-element_type=\"container\">\n\t\t\t\t\t<div class=\"e-con-inner\">\n\t\t\t\t<div class=\"elementor-element elementor-element-c0fb61e elementor-widget elementor-widget-heading\" data-id=\"c0fb61e\" data-element_type=\"widget\" data-widget_type=\"heading.default\">\n\t\t\t\t<div class=\"elementor-widget-container\">\n\t\t\t\t\t<h2 class=\"elementor-heading-title elementor-size-default\">Pol\u00edticas de Privacidad General<\/h2>\t\t\t\t<\/div>\n\t\t\t\t<\/div>\n\t\t\t\t<div class=\"elementor-element elementor-element-341d062 elementor-widget elementor-widget-text-editor\" data-id=\"341d062\" data-element_type=\"widget\" data-widget_type=\"text-editor.default\">\n\t\t\t\t<div class=\"elementor-widget-container\">\n\t\t\t\t\t\t\t\t\t<p>En cumplimiento de la Ley de Protecci\u00f3n de Datos Personales y su Reglamento, y\/o sus normas complementarias, modificatorias, sustitutorias y dem\u00e1s disposiciones aplicables,\u00a0<strong>INVERSIONES EFA S.A.C.<\/strong>, con R.U.C. N\u00b0 20600038959, y domicilio en la Av. Tomas Marsano nro. 2650 urb. Alexander Von Humboldt Lima &#8211; Lima &#8211; Miraflores, asegura y garantiza que, todo y cualquier dato personal que haya recopilado de manera leg\u00edtima y con arreglo a ley, ser\u00e1 tratado \u00fanica y exclusivamente para cumplir con la finalidad para lo cual haya sido otorgado seg\u00fan consentimiento libre, previo, expreso, informado e inequ\u00edvoco, y en los casos permitidos por ley cuyo tratamiento no requiere de consentimiento previo, para cumplir con las finalidades respectivas en ese sentido, tales como, uso de datos de acceso p\u00fablico, uso de datos para la preparaci\u00f3n, celebraci\u00f3n y ejecuci\u00f3n de relaciones contractuales o profesionales necesarias para su desarrollo o cumplimiento, para fines de cumplimiento de las normas contra el lavado de activos y el financiamiento del terrorismo, por mandato legal, por orden de autoridad en ejercicio de sus funciones expresamente establecidas por ley, entre otras que legalmente est\u00e9n establecidas.<\/p><p>Los datos personales recogidos ser\u00e1n incorporados y tratados en un Banco de Datos de titularidad\u00a0<strong>INVERSIONES EFA S.A.C.<\/strong>, que es automatizado y no automatizado, garantiz\u00e1ndose de manera expresa las medidas de seguridad t\u00e9cnica, organizativa y legal para el tratamiento, seguridad y confidencialidad de los datos de car\u00e1cter personal facilitados por sus clientes. Seguridad y confidencialidad que se asegura igualmente para la transferencia y\/o flujo transfronterizo de los mismos, cuando ello haya sido autorizado por su titular. Los datos se conservar\u00e1n por plazo indefinido.<\/p><p>Se informa a los titulares de los datos personales que no est\u00e1n obligados a otorgarlos, siendo ello algo de car\u00e1cter facultativo, a excepci\u00f3n de aquellos datos de identificaci\u00f3n personal destinados y necesarios para la ejecuci\u00f3n de las relaciones contractuales que pueda sostener, y dem\u00e1s que por mandato legal no se requiere consentimiento de acuerdo a ley. Todo tratamiento de datos personales ser\u00e1 efectuado con veracidad, calidad y proporcionalidad para las finalidades antes indicadas y para la ejecuci\u00f3n de las relaciones contractuales, y dem\u00e1s permitidas por ley; la negativa a otorgar dichos datos personales impedir\u00e1 su tratamiento.<\/p><p>Todo titular de datos personales tiene la facultad de solicitar en cualquier momento y de manera gratuita e irrestricta tener acceso a la informaci\u00f3n de los datos personales proporcionados por \u00e9ste, la forma y razones por la que los otorg\u00f3, las transferencias realizadas o que se prev\u00e9n hacer, as\u00ed como a actualizarlos, hacer inclusiones o agregados, rectificar los mismos, hacer supresiones, cancelarlos, plantear oposiciones, revocarlos o denegarlos total o parcialmente, as\u00ed como plantear los reclamos y solicitudes respecto de los mismos. Para ello, el aceptante podr\u00e1 ejercer dichos derechos enviando una comunicaci\u00f3n escrita simple al domicilio f\u00edsico de\u00a0<strong>INVERSIONES EFA S.A.C.<\/strong> precisado al inicio de este documento, o una comunicaci\u00f3n v\u00eda correo electr\u00f3nico a la direcci\u00f3n <strong>contacto@flechelle.com.pe,<\/strong> haciendo la precisi\u00f3n clara y expresa de su pedido, el cual ser\u00e1 atendido dentro del plazo de ley.<\/p><p>El responsable de este Banco de Datos es\u00a0<strong>INVERSIONES EFA S.A.C.<\/strong>, por lo que el destino de los datos ser\u00e1 el mismo Banco de Datos y para que \u00e9sta los pueda tratar conforme a lo autorizado, para los fines espec\u00edficos antes indicados, todo con arreglo a ley. En tal sentido, se garantiza la absoluta confidencialidad, privacidad y protecci\u00f3n de los datos personales que se formen parte del Banco de Datos, as\u00ed como la idoneidad de su tratamiento, siendo que la informaci\u00f3n permanecer\u00e1 protegida y segura, y no ser\u00e1 compartida, transferida ni divulgada, salvo que se cuente con permiso expreso de su titular, o sea necesaria para la ejecuci\u00f3n de las relaciones contractuales que pueda sostener, y dem\u00e1s que por mandato legal no se requiera consentimiento.<\/p><p>Finalmente, queda expresado que\u00a0<strong>INVERSIONES EFA S.A.C.<\/strong>\u00a0tiene el firme compromiso institucional, as\u00ed como por parte de todas las autoridades, directivos, ejecutivos, trabajadores y personal en general, de cumplir, respetar y garantizar la protecci\u00f3n de los datos personales de sus titulares, en pleno respeto de los principios de Legalidad, Consentimiento, Finalidad, Proporcionalidad, Calidad, Disposici\u00f3n de Recurso y de Nivel de Protecci\u00f3n Adecuado, as\u00ed como de los requisitos de seguridad aplicables, manteni\u00e9ndonos en una mejora continua.<\/p><h3>Nuestro Compromiso con la Privacidad.<\/h3><p>La privacidad de nuestros usuarios es importante para nosotros. Para protegerla mejor, adoptamos esta Pol\u00edtica de Privacidad, la cual contiene nuestras pr\u00e1cticas de intercambio de informaci\u00f3n por internet y las decisiones que el aceptante puede tomar en relaci\u00f3n con la manera en que se obtiene y utiliza la informaci\u00f3n. Para facilitar la localizaci\u00f3n de esta Pol\u00edtica de Privacidad, la colocamos a disposici\u00f3n en nuestra p\u00e1gina de inicio y en todo punto donde se puedan solicitar datos de identificaci\u00f3n personal.<\/p><p>El usuario puede registrarse en nuestro sitio web de manera voluntaria, si desea recibir nuestros cat\u00e1logos y actualizaciones sobre nuestros nuevos productos y servicios. Podemos usar informaci\u00f3n conjunta, que no permite la identificaci\u00f3n del titular, para dise\u00f1ar mejor nuestro sitio web y compartir con nuestras agencias de publicidad. Por ejemplo, podemos informar a una agencia de publicidad que una cantidad de usuarios visitaron cierta zona de nuestro sitio web, que una cantidad de hombres y una cantidad de mujeres completaron nuestro formulario de inscripci\u00f3n, pero no divulgaremos nada que pudiera usarse para identificar personalmente a las personas.<\/p><p>Si el usuario elige inscribirse para que el env\u00edo de productos o materiales, o entregarnos de otro modo informaci\u00f3n personal, almacenaremos toda esa informaci\u00f3n personal o parte de ella y podr\u00edamos usarla con fines de promoci\u00f3n o para investigaci\u00f3n de mercadeo, lo cual puede incluir compartirla. Nunca comercializaremos informaci\u00f3n personal a ninguna otra compa\u00f1\u00eda. Tampoco usaremos ni compartiremos la informaci\u00f3n personalmente identificable que el usuario nos brinde, de formas que no tengan relaci\u00f3n con la autorizaci\u00f3n brindada. En el caso de una investigaci\u00f3n penal o de una presunta actividad delictiva, las autoridades competentes pueden exigirnos que compartamos cierta informaci\u00f3n personal.<\/p><p>La aceptaci\u00f3n de los presentes t\u00e9rminos y condiciones constituye el consentimiento previo, informado, expreso e inequ\u00edvoco, para la recepci\u00f3n de promociones de productos y servicios a trav\u00e9s de servicios de telemercadeo, centros de llamada (call centers), sistemas de llamado telef\u00f3nico, env\u00edo de mensajes de texto a celular o de mensajes electr\u00f3nicos masivos, en los t\u00e9rminos del C\u00f3digo de Defensa y Protecci\u00f3n del Consumidor. Este consentimiento podr\u00e1 ser revocado, en cualquier momento, enviando una comunicaci\u00f3n escrita simple v\u00eda correo electr\u00f3nico a la direcci\u00f3n <strong>contacto@flechelle.com.pe,<\/strong> haciendo la precisi\u00f3n clara y expresa de la revocaci\u00f3n del consentimiento, el cual ser\u00e1 procesado dentro de plazos razonables.<\/p><h3>Acerca de las \u201cCookies\u201d.<\/h3><p>Las \u201ccookies\u201d son peque\u00f1os elementos de datos que algunos sitios web escriben en el disco duro del dispositivo del usuario cuando visita sus sitios o guarda la direcci\u00f3n en el navegador. Estos archivos de datos contienen informaci\u00f3n que el sitio puede usar para organizar las p\u00e1ginas visitadas en un sitio web particular. Es posible que algunos de nuestros sitios web usen tecnolog\u00eda de \u201ccookies\u201d para medir la actividad del sitio y personalizar la informaci\u00f3n a fin de que se adapte a los intereses personales del usuario, lo que nos permite brindarle informaci\u00f3n personalizada que se adapte a sus intereses la pr\u00f3xima vez que visite nuestro sitio. Por lo tanto, el uso que hacemos de la tecnolog\u00eda de \u201ccookies\u201d es para brindar informaci\u00f3n m\u00e1s individualizada y una experiencia de visualizaci\u00f3n \u00f3ptima.<\/p><h3>Pixel Tags.<\/h3><p>Es posible que usemos \u201cpixel tags\u201d, es decir, peque\u00f1os archivos gr\u00e1ficos que nos permiten monitorear el uso de nuestros sitios web. Un pixel tag puede reunir informaci\u00f3n tal como la direcci\u00f3n IP (Protocolo de Internet) de la computadora que descarg\u00f3 la p\u00e1gina en la cual aparece el pixel tag, el URL (Localizador Uniforme de Recursos) de la p\u00e1gina en la que aparece el pixel tag, el horario en que se visit\u00f3 la p\u00e1gina que contiene el pixel tag, el tipo de navegador que capt\u00f3 el pixel tag y el n\u00famero de identificaci\u00f3n de cualquier cookie (consulta Acerca de las \u201ccookies\u201d) en el dispositivo previamente colocado por ese servidor. Cuando intercambiamos correspondencia con el usuario mediante e-mails que admiten HTML, podemos usar tecnolog\u00eda de detecci\u00f3n de formato, que permite que los pixel tags nos informen la recepci\u00f3n y apertura de nuestro e-mail.<\/p><h3>Nuestro Compromiso con la Privacidad de los Ni\u00f1os.<\/h3><p>Proteger la privacidad de los m\u00e1s j\u00f3venes es sumamente importante. Por ese motivo ninguna parte de nuestro sitio web est\u00e1 estructurada como para atraer a menores de 13 a\u00f1os.<\/p>\t\t\t\t\t\t\t\t<\/div>\n\t\t\t\t<\/div>\n\t\t\t\t\t<\/div>\n\t\t\t\t<\/div>\n\t\t\t\t<\/div>\n\t\t","protected":false},"excerpt":{"rendered":"<p>Pol\u00edticas de Privacidad General En cumplimiento de la Ley de Protecci\u00f3n de Datos Personales y su Reglamento, y\/o sus normas complementarias, modificatorias, sustitutorias y dem\u00e1s disposiciones aplicables,\u00a0INVERSIONES EFA S.A.C., con R.U.C. N\u00b0 20600038959, y domicilio en la Av. Tomas Marsano nro. 2650 urb. Alexander Von Humboldt Lima &#8211; Lima &#8211; Miraflores, asegura y garantiza que, [&hellip;]<\/p>\n","protected":false},"author":1,"featured_media":0,"parent":0,"menu_order":0,"comment_status":"closed","ping_status":"closed","template":"","meta":{"footnotes":""},"class_list":["post-611","page","type-page","status-publish","hentry"],"yoast_head":"<!-- This site is optimized with the Yoast SEO plugin v27.2 - https:\/\/yoast.com\/product\/yoast-seo-wordpress\/ -->\n<title>Pol\u00edticas de Privacidad - EFA | Flechelle<\/title>\n<meta name=\"robots\" content=\"index, follow, max-snippet:-1, max-image-preview:large, max-video-preview:-1\" \/>\n<link rel=\"canonical\" href=\"https:\/\/flechelle.com\/wp1\/politicas-de-privacidad\/\" \/>\n<meta property=\"og:locale\" content=\"es_ES\" \/>\n<meta property=\"og:type\" content=\"article\" \/>\n<meta property=\"og:title\" content=\"Pol\u00edticas de Privacidad - EFA | Flechelle\" \/>\n<meta property=\"og:description\" content=\"Pol\u00edticas de Privacidad General En cumplimiento de la Ley de Protecci\u00f3n de Datos Personales y su Reglamento, y\/o sus normas complementarias, modificatorias, sustitutorias y dem\u00e1s disposiciones aplicables,\u00a0INVERSIONES EFA S.A.C., con R.U.C. N\u00b0 20600038959, y domicilio en la Av. Tomas Marsano nro. 2650 urb. Alexander Von Humboldt Lima &#8211; Lima &#8211; Miraflores, asegura y garantiza que, [&hellip;]\" \/>\n<meta property=\"og:url\" content=\"https:\/\/flechelle.com\/wp1\/politicas-de-privacidad\/\" \/>\n<meta property=\"og:site_name\" content=\"EFA | Flechelle\" \/>\n<meta property=\"article:publisher\" content=\"https:\/\/www.facebook.com\/EFAFlechelle\/\" \/>\n<meta property=\"article:modified_time\" content=\"2025-04-08T19:06:03+00:00\" \/>\n<meta property=\"og:image\" content=\"https:\/\/flechelle.com\/wp1\/wp-content\/uploads\/2025\/03\/cropped-61321f3b00feb70004beb7bc.png\" \/>\n\t<meta property=\"og:image:width\" content=\"512\" \/>\n\t<meta property=\"og:image:height\" content=\"512\" \/>\n\t<meta property=\"og:image:type\" content=\"image\/png\" \/>\n<meta name=\"twitter:card\" content=\"summary_large_image\" \/>\n<meta name=\"twitter:label1\" content=\"Tiempo de lectura\" \/>\n\t<meta name=\"twitter:data1\" content=\"8 minutos\" \/>\n<script type=\"application\/ld+json\" class=\"yoast-schema-graph\">{\"@context\":\"https:\/\/schema.org\",\"@graph\":[{\"@type\":\"WebPage\",\"@id\":\"https:\/\/flechelle.com\/wp1\/politicas-de-privacidad\/\",\"url\":\"https:\/\/flechelle.com\/wp1\/politicas-de-privacidad\/\",\"name\":\"Pol\u00edticas de Privacidad - EFA | Flechelle\",\"isPartOf\":{\"@id\":\"https:\/\/flechelle.com\/wp1\/#website\"},\"datePublished\":\"2025-04-07T16:04:40+00:00\",\"dateModified\":\"2025-04-08T19:06:03+00:00\",\"breadcrumb\":{\"@id\":\"https:\/\/flechelle.com\/wp1\/politicas-de-privacidad\/#breadcrumb\"},\"inLanguage\":\"es\",\"potentialAction\":[{\"@type\":\"ReadAction\",\"target\":[\"https:\/\/flechelle.com\/wp1\/politicas-de-privacidad\/\"]}]},{\"@type\":\"BreadcrumbList\",\"@id\":\"https:\/\/flechelle.com\/wp1\/politicas-de-privacidad\/#breadcrumb\",\"itemListElement\":[{\"@type\":\"ListItem\",\"position\":1,\"name\":\"Portada\",\"item\":\"https:\/\/flechelle.com\/wp1\/\"},{\"@type\":\"ListItem\",\"position\":2,\"name\":\"Pol\u00edticas de Privacidad\"}]},{\"@type\":\"WebSite\",\"@id\":\"https:\/\/flechelle.com\/wp1\/#website\",\"url\":\"https:\/\/flechelle.com\/wp1\/\",\"name\":\"EFA | Flechelle\",\"description\":\"Taller Oficial Volkswagen en Lima, Per\u00fa\",\"publisher\":{\"@id\":\"https:\/\/flechelle.com\/wp1\/#organization\"},\"potentialAction\":[{\"@type\":\"SearchAction\",\"target\":{\"@type\":\"EntryPoint\",\"urlTemplate\":\"https:\/\/flechelle.com\/wp1\/?s={search_term_string}\"},\"query-input\":{\"@type\":\"PropertyValueSpecification\",\"valueRequired\":true,\"valueName\":\"search_term_string\"}}],\"inLanguage\":\"es\"},{\"@type\":\"Organization\",\"@id\":\"https:\/\/flechelle.com\/wp1\/#organization\",\"name\":\"EFA | Flechelle\",\"url\":\"https:\/\/flechelle.com\/wp1\/\",\"logo\":{\"@type\":\"ImageObject\",\"inLanguage\":\"es\",\"@id\":\"https:\/\/flechelle.com\/wp1\/#\/schema\/logo\/image\/\",\"url\":\"https:\/\/flechelle.com\/wp1\/wp-content\/uploads\/2025\/03\/cropped-61321f3b00feb70004beb7bc.png\",\"contentUrl\":\"https:\/\/flechelle.com\/wp1\/wp-content\/uploads\/2025\/03\/cropped-61321f3b00feb70004beb7bc.png\",\"width\":512,\"height\":512,\"caption\":\"EFA | Flechelle\"},\"image\":{\"@id\":\"https:\/\/flechelle.com\/wp1\/#\/schema\/logo\/image\/\"},\"sameAs\":[\"https:\/\/www.facebook.com\/EFAFlechelle\/\",\"https:\/\/www.linkedin.com\/company\/wolkswagen-flechelle\/\"]}]}<\/script>\n<!-- \/ Yoast SEO plugin. -->","yoast_head_json":{"title":"Pol\u00edticas de Privacidad - EFA | Flechelle","robots":{"index":"index","follow":"follow","max-snippet":"max-snippet:-1","max-image-preview":"max-image-preview:large","max-video-preview":"max-video-preview:-1"},"canonical":"https:\/\/flechelle.com\/wp1\/politicas-de-privacidad\/","og_locale":"es_ES","og_type":"article","og_title":"Pol\u00edticas de Privacidad - EFA | Flechelle","og_description":"Pol\u00edticas de Privacidad General En cumplimiento de la Ley de Protecci\u00f3n de Datos Personales y su Reglamento, y\/o sus normas complementarias, modificatorias, sustitutorias y dem\u00e1s disposiciones aplicables,\u00a0INVERSIONES EFA S.A.C., con R.U.C. N\u00b0 20600038959, y domicilio en la Av. Tomas Marsano nro. 2650 urb. Alexander Von Humboldt Lima &#8211; Lima &#8211; Miraflores, asegura y garantiza que, [&hellip;]","og_url":"https:\/\/flechelle.com\/wp1\/politicas-de-privacidad\/","og_site_name":"EFA | Flechelle","article_publisher":"https:\/\/www.facebook.com\/EFAFlechelle\/","article_modified_time":"2025-04-08T19:06:03+00:00","og_image":[{"width":512,"height":512,"url":"https:\/\/flechelle.com\/wp1\/wp-content\/uploads\/2025\/03\/cropped-61321f3b00feb70004beb7bc.png","type":"image\/png"}],"twitter_card":"summary_large_image","twitter_misc":{"Tiempo de lectura":"8 minutos"},"schema":{"@context":"https:\/\/schema.org","@graph":[{"@type":"WebPage","@id":"https:\/\/flechelle.com\/wp1\/politicas-de-privacidad\/","url":"https:\/\/flechelle.com\/wp1\/politicas-de-privacidad\/","name":"Pol\u00edticas de Privacidad - EFA | Flechelle","isPartOf":{"@id":"https:\/\/flechelle.com\/wp1\/#website"},"datePublished":"2025-04-07T16:04:40+00:00","dateModified":"2025-04-08T19:06:03+00:00","breadcrumb":{"@id":"https:\/\/flechelle.com\/wp1\/politicas-de-privacidad\/#breadcrumb"},"inLanguage":"es","potentialAction":[{"@type":"ReadAction","target":["https:\/\/flechelle.com\/wp1\/politicas-de-privacidad\/"]}]},{"@type":"BreadcrumbList","@id":"https:\/\/flechelle.com\/wp1\/politicas-de-privacidad\/#breadcrumb","itemListElement":[{"@type":"ListItem","position":1,"name":"Portada","item":"https:\/\/flechelle.com\/wp1\/"},{"@type":"ListItem","position":2,"name":"Pol\u00edticas de Privacidad"}]},{"@type":"WebSite","@id":"https:\/\/flechelle.com\/wp1\/#website","url":"https:\/\/flechelle.com\/wp1\/","name":"EFA | Flechelle","description":"Taller Oficial Volkswagen en Lima, Per\u00fa","publisher":{"@id":"https:\/\/flechelle.com\/wp1\/#organization"},"potentialAction":[{"@type":"SearchAction","target":{"@type":"EntryPoint","urlTemplate":"https:\/\/flechelle.com\/wp1\/?s={search_term_string}"},"query-input":{"@type":"PropertyValueSpecification","valueRequired":true,"valueName":"search_term_string"}}],"inLanguage":"es"},{"@type":"Organization","@id":"https:\/\/flechelle.com\/wp1\/#organization","name":"EFA | Flechelle","url":"https:\/\/flechelle.com\/wp1\/","logo":{"@type":"ImageObject","inLanguage":"es","@id":"https:\/\/flechelle.com\/wp1\/#\/schema\/logo\/image\/","url":"https:\/\/flechelle.com\/wp1\/wp-content\/uploads\/2025\/03\/cropped-61321f3b00feb70004beb7bc.png","contentUrl":"https:\/\/flechelle.com\/wp1\/wp-content\/uploads\/2025\/03\/cropped-61321f3b00feb70004beb7bc.png","width":512,"height":512,"caption":"EFA | Flechelle"},"image":{"@id":"https:\/\/flechelle.com\/wp1\/#\/schema\/logo\/image\/"},"sameAs":["https:\/\/www.facebook.com\/EFAFlechelle\/","https:\/\/www.linkedin.com\/company\/wolkswagen-flechelle\/"]}]}},"_links":{"self":[{"href":"https:\/\/flechelle.com\/wp1\/wp-json\/wp\/v2\/pages\/611","targetHints":{"allow":["GET"]}}],"collection":[{"href":"https:\/\/flechelle.com\/wp1\/wp-json\/wp\/v2\/pages"}],"about":[{"href":"https:\/\/flechelle.com\/wp1\/wp-json\/wp\/v2\/types\/page"}],"author":[{"embeddable":true,"href":"https:\/\/flechelle.com\/wp1\/wp-json\/wp\/v2\/users\/1"}],"replies":[{"embeddable":true,"href":"https:\/\/flechelle.com\/wp1\/wp-json\/wp\/v2\/comments?post=611"}],"version-history":[{"count":8,"href":"https:\/\/flechelle.com\/wp1\/wp-json\/wp\/v2\/pages\/611\/revisions"}],"predecessor-version":[{"id":942,"href":"https:\/\/flechelle.com\/wp1\/wp-json\/wp\/v2\/pages\/611\/revisions\/942"}],"wp:attachment":[{"href":"https:\/\/flechelle.com\/wp1\/wp-json\/wp\/v2\/media?parent=611"}],"curies":[{"name":"wp","href":"https:\/\/api.w.org\/{rel}","templated":true}]}}