{"id":605,"date":"2025-04-07T16:01:22","date_gmt":"2025-04-07T16:01:22","guid":{"rendered":"https:\/\/rafaelalviarez.site\/efa\/?page_id=605"},"modified":"2025-04-07T16:03:20","modified_gmt":"2025-04-07T16:03:20","slug":"legal-volkswagen","status":"publish","type":"page","link":"https:\/\/flechelle.com\/wp1\/legal-volkswagen\/","title":{"rendered":"Legal Volkswagen"},"content":{"rendered":"\t\t<div data-elementor-type=\"wp-page\" data-elementor-id=\"605\" class=\"elementor elementor-605\" data-elementor-post-type=\"page\">\n\t\t\t\t<div class=\"elementor-element elementor-element-db78660 e-flex e-con-boxed e-con e-parent\" data-id=\"db78660\" data-element_type=\"container\">\n\t\t\t\t\t<div class=\"e-con-inner\">\n\t\t\t\t<div class=\"elementor-element elementor-element-6b44572 elementor-widget elementor-widget-heading\" data-id=\"6b44572\" data-element_type=\"widget\" data-widget_type=\"heading.default\">\n\t\t\t\t<div class=\"elementor-widget-container\">\n\t\t\t\t\t<h2 class=\"elementor-heading-title elementor-size-default\">Detalles Legales<\/h2>\t\t\t\t<\/div>\n\t\t\t\t<\/div>\n\t\t\t\t<div class=\"elementor-element elementor-element-13a6911 elementor-widget elementor-widget-text-editor\" data-id=\"13a6911\" data-element_type=\"widget\" data-widget_type=\"text-editor.default\">\n\t\t\t\t<div class=\"elementor-widget-container\">\n\t\t\t\t\t\t\t\t\t<p><b>Aprovecha tu derecho a estar bien informado<br \/><\/b>Gracias por visitar nuestro sitio web.<br \/>En esta secci\u00f3n encontrar\u00e1s, entre otros contenidos, informaci\u00f3n relativa a INVERSIONES EFA S.A.C., condiciones de uso del sitio web y nuestra pol\u00edtica de privacidad de datos.<\/p><p><b>1. Aviso legal y aceptaci\u00f3n<br \/><\/b>El presente documento tiene por objeto regular el uso de esta p\u00e1gina web (en adelante denominado como Web) que\u00a0<strong>INVERSIONES EFA S.A.C.<\/strong>\u00a0pone a disposici\u00f3n del p\u00fablico.<\/p><p>La utilizaci\u00f3n del Web por un tercero le atribuye la condici\u00f3n de Usuario y, supone la aceptaci\u00f3n plena del Usuario de todas y cada una de las Condiciones que se incorporan en el presente Aviso Legal.<\/p><p>Este sitio puede ofrecer a trav\u00e9s del Web, servicios que podr\u00e1n someterse a condiciones particulares sobre las cuales se informar\u00e1 al Usuario en cada servicio concreto.<\/p><p><strong>INVERSIONES EFA S.A.C.<\/strong>\u00a0se compromete a velar por la exactitud y actualidad del contenido del sitio web, incluyendo \u2013 a t\u00edtulo enunciativo y seg\u00fan corresponda \u2013 los datos sobre los modelos, servicios, asistencia y otros. Sin perjuicio de la asunci\u00f3n de este compromiso,\u00a0<strong>INVERSIONES EFA S.A.C.<\/strong>\u00a0no est\u00e1 en posici\u00f3n de ofrecer, ni ofrece garant\u00eda respecto a la exactitud de la informaci\u00f3n de cualquier tipo recogida en el sitio web y que por error u omisi\u00f3n sea incorrecta o haya podido quedar desactualizada. Con el objetivo de minimizar los inconvenientes ocasionados por posibles errores se recomienda la utilizaci\u00f3n de \u00e9stos como orientativos. El equipamiento mostrado en el sitio web es s\u00f3lo de referencia y var\u00eda seg\u00fan disponibilidad en cada mercado.<\/p><p><b>2. Uso correcto del sitio web<br \/><\/b>El Usuario se compromete a utilizar el Web, los contenidos y servicios de conformidad con la Ley, el presente Aviso Legal, las buenas costumbres y el orden p\u00fablico. Del mismo modo el Usuario se obliga a no utilizar el Web o los servicios que se presten a trav\u00e9s de \u00e9l con fines o efectos il\u00edcitos o contrarios al contenido del presente Aviso Legal, lesivos de los intereses o derechos de terceros, o que de cualquier forma pueda da\u00f1ar, inutilizar o deteriorar el Web o sus servicios o impedir un normal disfrute del Web por otros Usuarios.<\/p><p>Asimismo, el Usuario se compromete expresamente a no destruir, alterar, inutilizar o, de cualquier otra forma, da\u00f1ar los datos, programas o documentos electr\u00f3nicos y dem\u00e1s que se encuentren en este sitio web.<\/p><p>El Usuario se compromete a no obstaculizar el acceso de otros usuarios al servicio de acceso mediante el consumo masivo de los recursos inform\u00e1ticos a trav\u00e9s de los cuales INVERSIONES EFA S.A.C. presta el servicio, as\u00ed como realizar acciones que da\u00f1en, interrumpan o generen errores en dichos sistemas.<\/p><p>El Usuario se compromete a no introducir programas, virus, macros, applets, controles ActiveX o cualquier otro dispositivo l\u00f3gico o secuencia de caracteres que causen o sean susceptibles de causar cualquier tipo de alteraci\u00f3n en los sistemas inform\u00e1ticos de\u00a0<strong>INVERSIONES EFA S.A.C.<\/strong>\u00a0o de terceros.<\/p><p>El Usuario se compromete a no obtener informaciones, mensajes, gr\u00e1ficos, dibujos, archivos de sonido y\/o imagen, fotograf\u00edas, grabaciones, software y en general, cualquier clase de material accesible a trav\u00e9s del Web o de los servicios ofrecidos en el mismo, para su uso personal o el de terceros.<\/p><p><b>3. Propiedad intelectual<br \/><\/b>Todos los contenidos del Web, salvo que se indique lo contrario, son titularidad exclusiva de INVERSIONES EFA S.A.C. y, con car\u00e1cter enunciativo, no limitativo, el dise\u00f1o gr\u00e1fico, c\u00f3digo fuente, logos, textos, ilustraciones, fotograf\u00edas, y dem\u00e1s elementos que aparecen en la Web.<\/p><p>Igualmente, todos los nombres comerciales, marcas o signos distintivos de cualquier clase contenidos en el Web est\u00e1n protegidos por la Ley.<\/p><p>INVERSIONES EFA S.A.C. no concede ning\u00fan tipo de licencia o autorizaci\u00f3n de uso personal al Usuario sobre sus derechos de propiedad intelectual e industrial o sobre cualquier otro derecho relacionado con su Web y los servicios ofrecidos en la misma.<\/p><p>Por ello, el Usuario reconoce que la reproducci\u00f3n, distribuci\u00f3n, comercializaci\u00f3n o transformaci\u00f3n no autorizadas de los elementos indicados en los apartados anteriores constituye una infracci\u00f3n de los derechos de propiedad intelectual y\/o industrial de INVERSIONES EFA S.A.C. del titular de los mismos.<\/p><p><b>4. R\u00e9gimen de responsabilidad<br \/><\/b>Responsabilidad por el Uso del Web<br \/>El Usuario es el \u00fanico responsable de las infracciones en las que pueda incurrir o de los perjuicios que pueda causar o causarse por la utilizaci\u00f3n del Web, quedando INVERSIONES EFA S.A.C., exonerada de cualquier clase de responsabilidad que se pudiera derivar por las acciones del Usuario.<br \/>El Usuario es el \u00fanico responsable frente a cualquier reclamaci\u00f3n o acci\u00f3n legal, judicial o extrajudicial, iniciada por terceras personas contra INVERSIONES EFA S.A.C. basada en la utilizaci\u00f3n por el Usuario del Web. En su caso, el Usuario asumir\u00e1 cuantos gastos, costes e indemnizaciones sean irrogados a INVERSIONES EFA S.A.C. con motivo de tales reclamaciones o acciones legales.<\/p><p>Responsabilidad por el funcionamiento del Web<br \/>INVERSIONES EFA S.A.C. excluye toda responsabilidad que se pudiera derivar de interferencias, omisiones, interrupciones, virus inform\u00e1ticos, aver\u00edas telef\u00f3nicas o desconexiones en el funcionamiento operativo del sistema electr\u00f3nico, motivado por causas ajenas a INVERSIONES EFA S.A.C..<br \/>Asimismo, INVERSIONES EFA S.A.C. tambi\u00e9n excluye cualquier responsabilidad que pudiera derivarse por retrasos o bloqueos en el funcionamiento operativo de este sistema electr\u00f3nico causado por deficiencias o sobre carga en las l\u00edneas telef\u00f3nicas o en Internet.<\/p><p>Responsabilidad por links<br \/>INVERSIONES EFA S.A.C. declina toda responsabilidad respecto a la informaci\u00f3n que se halle fuera del Web ya que la funci\u00f3n de los links que aparecen es \u00fanicamente la de informar al Usuario sobre la existencia de otras fuentes de informaci\u00f3n sobre un tema en concreto.<br \/>INVERSIONES EFA S.A.C. se exonera de toda responsabilidad por el correcto funcionamiento de tales enlaces, del resultado obtenido a trav\u00e9s de dichos enlaces, de la veracidad y licitud del contenido o informaci\u00f3n a la que se puede acceder as\u00ed como de los perjuicios que pueda sufrir en virtud de la informaci\u00f3n encontrada en la web enlazada.<\/p><p><b>5. Equipamiento precios e im\u00e1genes<br \/><\/b><br \/>Los modelos y versiones que muestran las im\u00e1genes son s\u00f3lo referenciales y contienen equipamiento y caracter\u00edsticas que pueden no corresponder a la oferta real dispuesta por el fabricante como disponible para el mercado del Per\u00fa. El equipamiento var\u00eda seg\u00fan la versi\u00f3n del veh\u00edculo, y no todo el equipamiento est\u00e1 disponible para el mercado peruano. Precios no incluyen tra\u0301mite de placas, tarjeta de propiedad ni flete a provincias. Im\u00e1genes referenciales. Las caracter\u00edsticas y especificaciones de App-Connect requieren de un dispositivo m\u00f3vil compatible e internet m\u00f3vil. MirrorLink\u00ae: Sobre los dispositivos compatibles, antes de efectuar una decisi\u00f3n de consumo, aseg\u00farese de que su dispositivo cumpla con los requerimientos necesarios; revisar compatibilidad aqu\u00ed: www.mirrorlink.com\/phones. Las versiones, funciones y modelos mostrados en la p\u00e1gina pueden variar seg\u00fan pa\u00eds. Car Play de Apple: Compatible a partir de Iphone 5 con Ios 7.1. Android Auto: Compatible a partir de Android Lollipop 5.0. Volante multifunci\u00f3n con botones de controles b\u00e1sicos para el reproductor de sonido, tel\u00e9fono celular y display del panel del piloto. *El volante del veh\u00edculo podr\u00eda incluir botones correspondientes a funciones o sistemas no instalados ni activos en los veh\u00edculos destinados al mercado peruano, los cuales no se ofrecen a pesar de la presencia de los botones. Consulte con su concesionario y\/o solicite una prueba de manejo y de producto para apreciar los alcances, funcionalidades, restricciones, limitaciones y condiciones de los controles, sistemas, componentes, accesorios y equipamiento en general. El veh\u00edculo podr\u00eda presentar botones, interruptores y\/o indicativos de funciones o sistemas no instalados ni activos, los cuales no se ofrecen a pesar de la presencia de los botones o se\u00f1ales indicativas. No todo el equipamiento, especificaciones, caracter\u00edsticas y prestaciones detalladas en el Manual del Propietario est\u00e1n disponibles en las versiones del modelo de veh\u00edculo disponibles para el mercado peruano, y no se ofrecen dado que las especificaciones estar\u00e1n disponibles y var\u00edan seg\u00fan los distintos mercados en los que est\u00e1 presente la marca, la disponibilidad tecnol\u00f3gica y coberturas. Los detalles, caracter\u00edsticas y equipamiento de esta ficha t\u00e9cnica podr\u00edan variar sin previo aviso, y\/o estar sujetas a restricciones y limitaciones seg\u00fan versiones del modelo disponibles en Per\u00fa. Precios indicados pueden ser sujetos a variaci\u00f3n sin previo aviso debido a causas ajenas a nuestra responsabilidad, tales como variaciones en los impuestos de nacionalizaci\u00f3n, tributos, variaciones de tipo de cambio, variaciones de precios US$ FOB, u otros.<\/p>\t\t\t\t\t\t\t\t<\/div>\n\t\t\t\t<\/div>\n\t\t\t\t\t<\/div>\n\t\t\t\t<\/div>\n\t\t\t\t<\/div>\n\t\t","protected":false},"excerpt":{"rendered":"<p>Detalles Legales Aprovecha tu derecho a estar bien informadoGracias por visitar nuestro sitio web.En esta secci\u00f3n encontrar\u00e1s, entre otros contenidos, informaci\u00f3n relativa a INVERSIONES EFA S.A.C., condiciones de uso del sitio web y nuestra pol\u00edtica de privacidad de datos. 1. Aviso legal y aceptaci\u00f3nEl presente documento tiene por objeto regular el uso de esta p\u00e1gina [&hellip;]<\/p>\n","protected":false},"author":1,"featured_media":0,"parent":0,"menu_order":0,"comment_status":"closed","ping_status":"closed","template":"","meta":{"footnotes":""},"class_list":["post-605","page","type-page","status-publish","hentry"],"yoast_head":"<!-- This site is optimized with the Yoast SEO plugin v27.2 - https:\/\/yoast.com\/product\/yoast-seo-wordpress\/ -->\n<title>Legal Volkswagen - EFA | Flechelle<\/title>\n<meta name=\"robots\" content=\"index, follow, max-snippet:-1, max-image-preview:large, max-video-preview:-1\" \/>\n<link rel=\"canonical\" href=\"https:\/\/flechelle.com\/wp1\/legal-volkswagen\/\" \/>\n<meta property=\"og:locale\" content=\"es_ES\" \/>\n<meta property=\"og:type\" content=\"article\" \/>\n<meta property=\"og:title\" content=\"Legal Volkswagen - EFA | Flechelle\" \/>\n<meta property=\"og:description\" content=\"Detalles Legales Aprovecha tu derecho a estar bien informadoGracias por visitar nuestro sitio web.En esta secci\u00f3n encontrar\u00e1s, entre otros contenidos, informaci\u00f3n relativa a INVERSIONES EFA S.A.C., condiciones de uso del sitio web y nuestra pol\u00edtica de privacidad de datos. 1. Aviso legal y aceptaci\u00f3nEl presente documento tiene por objeto regular el uso de esta p\u00e1gina [&hellip;]\" \/>\n<meta property=\"og:url\" content=\"https:\/\/flechelle.com\/wp1\/legal-volkswagen\/\" \/>\n<meta property=\"og:site_name\" content=\"EFA | Flechelle\" \/>\n<meta property=\"article:publisher\" content=\"https:\/\/www.facebook.com\/EFAFlechelle\/\" \/>\n<meta property=\"article:modified_time\" content=\"2025-04-07T16:03:20+00:00\" \/>\n<meta property=\"og:image\" content=\"https:\/\/flechelle.com\/wp1\/wp-content\/uploads\/2025\/03\/cropped-61321f3b00feb70004beb7bc.png\" \/>\n\t<meta property=\"og:image:width\" content=\"512\" \/>\n\t<meta property=\"og:image:height\" content=\"512\" \/>\n\t<meta property=\"og:image:type\" content=\"image\/png\" \/>\n<meta name=\"twitter:card\" content=\"summary_large_image\" \/>\n<meta name=\"twitter:label1\" content=\"Tiempo de lectura\" \/>\n\t<meta name=\"twitter:data1\" content=\"7 minutos\" \/>\n<script type=\"application\/ld+json\" class=\"yoast-schema-graph\">{\"@context\":\"https:\/\/schema.org\",\"@graph\":[{\"@type\":\"WebPage\",\"@id\":\"https:\/\/flechelle.com\/wp1\/legal-volkswagen\/\",\"url\":\"https:\/\/flechelle.com\/wp1\/legal-volkswagen\/\",\"name\":\"Legal Volkswagen - EFA | Flechelle\",\"isPartOf\":{\"@id\":\"https:\/\/flechelle.com\/wp1\/#website\"},\"datePublished\":\"2025-04-07T16:01:22+00:00\",\"dateModified\":\"2025-04-07T16:03:20+00:00\",\"breadcrumb\":{\"@id\":\"https:\/\/flechelle.com\/wp1\/legal-volkswagen\/#breadcrumb\"},\"inLanguage\":\"es\",\"potentialAction\":[{\"@type\":\"ReadAction\",\"target\":[\"https:\/\/flechelle.com\/wp1\/legal-volkswagen\/\"]}]},{\"@type\":\"BreadcrumbList\",\"@id\":\"https:\/\/flechelle.com\/wp1\/legal-volkswagen\/#breadcrumb\",\"itemListElement\":[{\"@type\":\"ListItem\",\"position\":1,\"name\":\"Portada\",\"item\":\"https:\/\/flechelle.com\/wp1\/\"},{\"@type\":\"ListItem\",\"position\":2,\"name\":\"Legal Volkswagen\"}]},{\"@type\":\"WebSite\",\"@id\":\"https:\/\/flechelle.com\/wp1\/#website\",\"url\":\"https:\/\/flechelle.com\/wp1\/\",\"name\":\"EFA | Flechelle\",\"description\":\"Taller Oficial Volkswagen en Lima, Per\u00fa\",\"publisher\":{\"@id\":\"https:\/\/flechelle.com\/wp1\/#organization\"},\"potentialAction\":[{\"@type\":\"SearchAction\",\"target\":{\"@type\":\"EntryPoint\",\"urlTemplate\":\"https:\/\/flechelle.com\/wp1\/?s={search_term_string}\"},\"query-input\":{\"@type\":\"PropertyValueSpecification\",\"valueRequired\":true,\"valueName\":\"search_term_string\"}}],\"inLanguage\":\"es\"},{\"@type\":\"Organization\",\"@id\":\"https:\/\/flechelle.com\/wp1\/#organization\",\"name\":\"EFA | Flechelle\",\"url\":\"https:\/\/flechelle.com\/wp1\/\",\"logo\":{\"@type\":\"ImageObject\",\"inLanguage\":\"es\",\"@id\":\"https:\/\/flechelle.com\/wp1\/#\/schema\/logo\/image\/\",\"url\":\"https:\/\/flechelle.com\/wp1\/wp-content\/uploads\/2025\/03\/cropped-61321f3b00feb70004beb7bc.png\",\"contentUrl\":\"https:\/\/flechelle.com\/wp1\/wp-content\/uploads\/2025\/03\/cropped-61321f3b00feb70004beb7bc.png\",\"width\":512,\"height\":512,\"caption\":\"EFA | Flechelle\"},\"image\":{\"@id\":\"https:\/\/flechelle.com\/wp1\/#\/schema\/logo\/image\/\"},\"sameAs\":[\"https:\/\/www.facebook.com\/EFAFlechelle\/\",\"https:\/\/www.linkedin.com\/company\/wolkswagen-flechelle\/\"]}]}<\/script>\n<!-- \/ Yoast SEO plugin. -->","yoast_head_json":{"title":"Legal Volkswagen - EFA | Flechelle","robots":{"index":"index","follow":"follow","max-snippet":"max-snippet:-1","max-image-preview":"max-image-preview:large","max-video-preview":"max-video-preview:-1"},"canonical":"https:\/\/flechelle.com\/wp1\/legal-volkswagen\/","og_locale":"es_ES","og_type":"article","og_title":"Legal Volkswagen - EFA | Flechelle","og_description":"Detalles Legales Aprovecha tu derecho a estar bien informadoGracias por visitar nuestro sitio web.En esta secci\u00f3n encontrar\u00e1s, entre otros contenidos, informaci\u00f3n relativa a INVERSIONES EFA S.A.C., condiciones de uso del sitio web y nuestra pol\u00edtica de privacidad de datos. 1. Aviso legal y aceptaci\u00f3nEl presente documento tiene por objeto regular el uso de esta p\u00e1gina [&hellip;]","og_url":"https:\/\/flechelle.com\/wp1\/legal-volkswagen\/","og_site_name":"EFA | Flechelle","article_publisher":"https:\/\/www.facebook.com\/EFAFlechelle\/","article_modified_time":"2025-04-07T16:03:20+00:00","og_image":[{"width":512,"height":512,"url":"https:\/\/flechelle.com\/wp1\/wp-content\/uploads\/2025\/03\/cropped-61321f3b00feb70004beb7bc.png","type":"image\/png"}],"twitter_card":"summary_large_image","twitter_misc":{"Tiempo de lectura":"7 minutos"},"schema":{"@context":"https:\/\/schema.org","@graph":[{"@type":"WebPage","@id":"https:\/\/flechelle.com\/wp1\/legal-volkswagen\/","url":"https:\/\/flechelle.com\/wp1\/legal-volkswagen\/","name":"Legal Volkswagen - EFA | Flechelle","isPartOf":{"@id":"https:\/\/flechelle.com\/wp1\/#website"},"datePublished":"2025-04-07T16:01:22+00:00","dateModified":"2025-04-07T16:03:20+00:00","breadcrumb":{"@id":"https:\/\/flechelle.com\/wp1\/legal-volkswagen\/#breadcrumb"},"inLanguage":"es","potentialAction":[{"@type":"ReadAction","target":["https:\/\/flechelle.com\/wp1\/legal-volkswagen\/"]}]},{"@type":"BreadcrumbList","@id":"https:\/\/flechelle.com\/wp1\/legal-volkswagen\/#breadcrumb","itemListElement":[{"@type":"ListItem","position":1,"name":"Portada","item":"https:\/\/flechelle.com\/wp1\/"},{"@type":"ListItem","position":2,"name":"Legal Volkswagen"}]},{"@type":"WebSite","@id":"https:\/\/flechelle.com\/wp1\/#website","url":"https:\/\/flechelle.com\/wp1\/","name":"EFA | Flechelle","description":"Taller Oficial Volkswagen en Lima, Per\u00fa","publisher":{"@id":"https:\/\/flechelle.com\/wp1\/#organization"},"potentialAction":[{"@type":"SearchAction","target":{"@type":"EntryPoint","urlTemplate":"https:\/\/flechelle.com\/wp1\/?s={search_term_string}"},"query-input":{"@type":"PropertyValueSpecification","valueRequired":true,"valueName":"search_term_string"}}],"inLanguage":"es"},{"@type":"Organization","@id":"https:\/\/flechelle.com\/wp1\/#organization","name":"EFA | Flechelle","url":"https:\/\/flechelle.com\/wp1\/","logo":{"@type":"ImageObject","inLanguage":"es","@id":"https:\/\/flechelle.com\/wp1\/#\/schema\/logo\/image\/","url":"https:\/\/flechelle.com\/wp1\/wp-content\/uploads\/2025\/03\/cropped-61321f3b00feb70004beb7bc.png","contentUrl":"https:\/\/flechelle.com\/wp1\/wp-content\/uploads\/2025\/03\/cropped-61321f3b00feb70004beb7bc.png","width":512,"height":512,"caption":"EFA | Flechelle"},"image":{"@id":"https:\/\/flechelle.com\/wp1\/#\/schema\/logo\/image\/"},"sameAs":["https:\/\/www.facebook.com\/EFAFlechelle\/","https:\/\/www.linkedin.com\/company\/wolkswagen-flechelle\/"]}]}},"_links":{"self":[{"href":"https:\/\/flechelle.com\/wp1\/wp-json\/wp\/v2\/pages\/605","targetHints":{"allow":["GET"]}}],"collection":[{"href":"https:\/\/flechelle.com\/wp1\/wp-json\/wp\/v2\/pages"}],"about":[{"href":"https:\/\/flechelle.com\/wp1\/wp-json\/wp\/v2\/types\/page"}],"author":[{"embeddable":true,"href":"https:\/\/flechelle.com\/wp1\/wp-json\/wp\/v2\/users\/1"}],"replies":[{"embeddable":true,"href":"https:\/\/flechelle.com\/wp1\/wp-json\/wp\/v2\/comments?post=605"}],"version-history":[{"count":5,"href":"https:\/\/flechelle.com\/wp1\/wp-json\/wp\/v2\/pages\/605\/revisions"}],"predecessor-version":[{"id":610,"href":"https:\/\/flechelle.com\/wp1\/wp-json\/wp\/v2\/pages\/605\/revisions\/610"}],"wp:attachment":[{"href":"https:\/\/flechelle.com\/wp1\/wp-json\/wp\/v2\/media?parent=605"}],"curies":[{"name":"wp","href":"https:\/\/api.w.org\/{rel}","templated":true}]}}