{"id":323,"date":"2025-03-28T22:36:36","date_gmt":"2025-03-28T22:36:36","guid":{"rendered":"https:\/\/rafaelalviarez.site\/efa\/?page_id=323"},"modified":"2026-03-12T21:51:40","modified_gmt":"2026-03-12T21:51:40","slug":"servicios-de-bmw","status":"publish","type":"page","link":"https:\/\/flechelle.com\/wp1\/servicios-de-bmw\/","title":{"rendered":"Servicios de BMW"},"content":{"rendered":"\t\t<div data-elementor-type=\"wp-page\" data-elementor-id=\"323\" class=\"elementor elementor-323\" data-elementor-post-type=\"page\">\n\t\t\t\t<div class=\"elementor-element elementor-element-2f89f52b e-flex e-con-boxed e-con e-parent\" data-id=\"2f89f52b\" data-element_type=\"container\" data-settings=\"{&quot;background_background&quot;:&quot;classic&quot;}\">\n\t\t\t\t\t<div class=\"e-con-inner\">\n\t\t<div class=\"elementor-element elementor-element-a69527b e-con-full e-flex e-con e-child\" data-id=\"a69527b\" data-element_type=\"container\">\n\t\t<div class=\"elementor-element elementor-element-fc70bcf e-con-full e-flex e-con e-child\" data-id=\"fc70bcf\" data-element_type=\"container\">\n\t\t<div class=\"elementor-element elementor-element-46fa4c3 e-con-full e-flex e-con e-child\" data-id=\"46fa4c3\" data-element_type=\"container\">\n\t\t\t\t<div class=\"elementor-element elementor-element-436fbbf elementor-widget__width-initial elementor-widget-mobile__width-initial elementor-widget elementor-widget-image\" data-id=\"436fbbf\" data-element_type=\"widget\" data-widget_type=\"image.default\">\n\t\t\t\t<div class=\"elementor-widget-container\">\n\t\t\t\t\t\t\t\t\t\t\t\t\t\t\t<img fetchpriority=\"high\" decoding=\"async\" width=\"512\" height=\"440\" src=\"https:\/\/flechelle.com\/wp1\/wp-content\/uploads\/2025\/03\/logo-BMW.png\" class=\"attachment-full size-full wp-image-326\" alt=\"\" srcset=\"https:\/\/flechelle.com\/wp1\/wp-content\/uploads\/2025\/03\/logo-BMW.png 512w, https:\/\/flechelle.com\/wp1\/wp-content\/uploads\/2025\/03\/logo-BMW-300x258.png 300w\" sizes=\"(max-width: 512px) 100vw, 512px\" \/>\t\t\t\t\t\t\t\t\t\t\t\t\t\t\t<\/div>\n\t\t\t\t<\/div>\n\t\t\t\t<div class=\"elementor-element elementor-element-270baa4 elementor-widget-mobile__width-initial elementor-widget elementor-widget-heading\" data-id=\"270baa4\" data-element_type=\"widget\" data-widget_type=\"heading.default\">\n\t\t\t\t<div class=\"elementor-widget-container\">\n\t\t\t\t\t<h6 class=\"elementor-heading-title elementor-size-default\">Mantenimiento y mec\u00e1nica, Planchado y Pintura<\/h6>\t\t\t\t<\/div>\n\t\t\t\t<\/div>\n\t\t\t\t<\/div>\n\t\t\t\t<div class=\"elementor-element elementor-element-3a99bcb elementor-widget elementor-widget-heading\" data-id=\"3a99bcb\" data-element_type=\"widget\" data-widget_type=\"heading.default\">\n\t\t\t\t<div class=\"elementor-widget-container\">\n\t\t\t\t\t<h1 class=\"elementor-heading-title elementor-size-default\">Servicio para BMW en Lima<\/h1>\t\t\t\t<\/div>\n\t\t\t\t<\/div>\n\t\t\t\t<\/div>\n\t\t\t\t<div class=\"elementor-element elementor-element-165e201 elementor-widget elementor-widget-text-editor\" data-id=\"165e201\" data-element_type=\"widget\" data-widget_type=\"text-editor.default\">\n\t\t\t\t<div class=\"elementor-widget-container\">\n\t\t\t\t\t\t\t\t\t<p>Servicio premium en mec\u00e1nica, planchado y pintura para tu BMW con garant\u00eda.<\/p>\t\t\t\t\t\t\t\t<\/div>\n\t\t\t\t<\/div>\n\t\t\t\t<\/div>\n\t\t<div class=\"elementor-element elementor-element-0acb730 e-con-full e-flex e-con e-child\" data-id=\"0acb730\" data-element_type=\"container\">\n\t\t<div class=\"elementor-element elementor-element-b1a599b e-flex e-con-boxed e-con e-child\" data-id=\"b1a599b\" data-element_type=\"container\" data-settings=\"{&quot;background_background&quot;:&quot;classic&quot;}\">\n\t\t\t\t\t<div class=\"e-con-inner\">\n\t\t\t\t<div class=\"elementor-element elementor-element-8e39626 elementor-widget elementor-widget-heading\" data-id=\"8e39626\" data-element_type=\"widget\" data-widget_type=\"heading.default\">\n\t\t\t\t<div class=\"elementor-widget-container\">\n\t\t\t\t\t<h2 class=\"elementor-heading-title elementor-size-default\">Mantenimiento y Mec\u00e1nica BMW<\/h2>\t\t\t\t<\/div>\n\t\t\t\t<\/div>\n\t\t\t\t<div class=\"elementor-element elementor-element-3e8ad60 elementor-widget elementor-widget-text-editor\" data-id=\"3e8ad60\" data-element_type=\"widget\" data-widget_type=\"text-editor.default\">\n\t\t\t\t<div class=\"elementor-widget-container\">\n\t\t\t\t\t\t\t\t\t<p data-pm-slice=\"1 1 []\">Nuestro taller cuenta con tecnolog\u00eda de punta para <strong>diagn\u00f3sticos, revisiones y reparaciones<\/strong> con garant\u00eda. Nos aseguramos de que tu BMW reciba el servicio adecuado seg\u00fan su <strong>kilometraje y necesidades espec\u00edficas<\/strong>, utilizando repuestos originales y procedimientos certificados.<\/p><h3>Nuestros servicios incluyen:<\/h3><ul data-spread=\"false\"><li><p>Diagn\u00f3stico computarizado avanzado<\/p><\/li><li><p>Mantenimiento preventivo y correctivo<\/p><\/li><li><p>Revisi\u00f3n y reparaci\u00f3n de motor y transmisi\u00f3n<\/p><\/li><li><p>Cambio de aceite y filtros con insumos originales<\/p><\/li><li><p>Revisi\u00f3n y ajuste del sistema de frenos<\/p><\/li><li><p>Cambio y alineaci\u00f3n de neum\u00e1ticos<\/p><\/li><li><p>Optimizaci\u00f3n del sistema de suspensi\u00f3n y direcci\u00f3n<\/p><\/li><\/ul><p><strong>Programa tu mantenimiento hoy mismo y mant\u00e9n tu BMW en su mejor estado.<\/strong>\u00a0<\/p>\t\t\t\t\t\t\t\t<\/div>\n\t\t\t\t<\/div>\n\t\t\t\t<div class=\"elementor-element elementor-element-ac095e3 elementor-tablet-align-center elementor-widget elementor-widget-button\" data-id=\"ac095e3\" data-element_type=\"widget\" data-widget_type=\"button.default\">\n\t\t\t\t<div class=\"elementor-widget-container\">\n\t\t\t\t\t\t\t\t\t<div class=\"elementor-button-wrapper\">\n\t\t\t\t\t<a class=\"elementor-button elementor-button-link elementor-size-sm\" href=\"#elementor-action%3Aaction%3Dpopup%3Aopen%26settings%3DeyJpZCI6IjUyNiIsInRvZ2dsZSI6ZmFsc2V9\">\n\t\t\t\t\t\t<span class=\"elementor-button-content-wrapper\">\n\t\t\t\t\t\t\t\t\t<span class=\"elementor-button-text\">CITAS TALLER<\/span>\n\t\t\t\t\t<\/span>\n\t\t\t\t\t<\/a>\n\t\t\t\t<\/div>\n\t\t\t\t\t\t\t\t<\/div>\n\t\t\t\t<\/div>\n\t\t\t\t\t<\/div>\n\t\t\t\t<\/div>\n\t\t<div class=\"elementor-element elementor-element-ba2460f e-flex e-con-boxed e-con e-child\" data-id=\"ba2460f\" data-element_type=\"container\" data-settings=\"{&quot;background_background&quot;:&quot;classic&quot;}\">\n\t\t\t\t\t<div class=\"e-con-inner\">\n\t\t\t\t<div class=\"elementor-element elementor-element-476b06e elementor-widget elementor-widget-heading\" data-id=\"476b06e\" data-element_type=\"widget\" data-widget_type=\"heading.default\">\n\t\t\t\t<div class=\"elementor-widget-container\">\n\t\t\t\t\t<h2 class=\"elementor-heading-title elementor-size-default\">Planchado y Pintura para BMW<\/h2>\t\t\t\t<\/div>\n\t\t\t\t<\/div>\n\t\t\t\t<div class=\"elementor-element elementor-element-3433a59 elementor-widget elementor-widget-text-editor\" data-id=\"3433a59\" data-element_type=\"widget\" data-widget_type=\"text-editor.default\">\n\t\t\t\t<div class=\"elementor-widget-container\">\n\t\t\t\t\t\t\t\t\t<p data-pm-slice=\"1 1 []\">Si tu BMW ha sufrido alg\u00fan da\u00f1o est\u00e9tico, en nuestro <strong>Centro Especializado en Planchado y Pintura<\/strong> devolvemos su aspecto original con acabados de f\u00e1brica. Contamos con equipamiento de alta tecnolog\u00eda para asegurar <strong>precisi\u00f3n, rapidez y calidad<\/strong> en cada reparaci\u00f3n.<\/p><h3>Beneficios de nuestro servicio de planchado y pintura:<\/h3><ul data-spread=\"false\"><li><p>Pintura automotriz con cabina presurizada<\/p><\/li><li><p>Reparaci\u00f3n de abolladuras y rayones sin afectar la estructura original<\/p><\/li><li><p>Uso de materiales y procesos aprobados por BMW<\/p><\/li><li><p>Acabados de f\u00e1brica garantizados<\/p><\/li><\/ul><p><strong>Tu BMW merece lo mejor. Recupera su est\u00e9tica original con nosotros.<\/strong> <a>Solicita tu cotizaci\u00f3n<\/a> ahora.<\/p>\t\t\t\t\t\t\t\t<\/div>\n\t\t\t\t<\/div>\n\t\t\t\t<div class=\"elementor-element elementor-element-d99126e elementor-tablet-align-center elementor-widget elementor-widget-button\" data-id=\"d99126e\" data-element_type=\"widget\" data-widget_type=\"button.default\">\n\t\t\t\t<div class=\"elementor-widget-container\">\n\t\t\t\t\t\t\t\t\t<div class=\"elementor-button-wrapper\">\n\t\t\t\t\t<a class=\"elementor-button elementor-button-link elementor-size-sm\" href=\"#elementor-action%3Aaction%3Dpopup%3Aopen%26settings%3DeyJpZCI6IjUyNiIsInRvZ2dsZSI6ZmFsc2V9\">\n\t\t\t\t\t\t<span class=\"elementor-button-content-wrapper\">\n\t\t\t\t\t\t\t\t\t<span class=\"elementor-button-text\">CITAS TALLER<\/span>\n\t\t\t\t\t<\/span>\n\t\t\t\t\t<\/a>\n\t\t\t\t<\/div>\n\t\t\t\t\t\t\t\t<\/div>\n\t\t\t\t<\/div>\n\t\t\t\t\t<\/div>\n\t\t\t\t<\/div>\n\t\t\t\t<\/div>\n\t\t<div class=\"elementor-element elementor-element-65f153c9 e-con-full e-flex e-con e-child\" data-id=\"65f153c9\" data-element_type=\"container\">\n\t\t\t\t<div class=\"elementor-element elementor-element-d0787e7 elementor-widget elementor-widget-heading\" data-id=\"d0787e7\" data-element_type=\"widget\" data-widget_type=\"heading.default\">\n\t\t\t\t<div class=\"elementor-widget-container\">\n\t\t\t\t\t<h2 class=\"elementor-heading-title elementor-size-default\">Elige EFA | Flechelle para los Servicios de tu BMW<\/h2>\t\t\t\t<\/div>\n\t\t\t\t<\/div>\n\t\t\t\t<div class=\"elementor-element elementor-element-7e2dedaa elementor-widget elementor-widget-text-editor\" data-id=\"7e2dedaa\" data-element_type=\"widget\" data-widget_type=\"text-editor.default\">\n\t\t\t\t<div class=\"elementor-widget-container\">\n\t\t\t\t\t\t\t\t\t<p data-pm-slice=\"1 1 []\">\u00a1No esperes m\u00e1s! Contacta con nuestros especialistas y dale a tu BMW el servicio que se merece. <a>Llama ahora<\/a> o <a>agenda tu cita<\/a>.<\/p>\t\t\t\t\t\t\t\t<\/div>\n\t\t\t\t<\/div>\n\t\t\t\t<div class=\"elementor-element elementor-element-cb132d5 elementor-icon-list--layout-inline elementor-hidden-tablet elementor-hidden-mobile elementor-list-item-link-full_width elementor-widget elementor-widget-icon-list\" data-id=\"cb132d5\" data-element_type=\"widget\" data-widget_type=\"icon-list.default\">\n\t\t\t\t<div class=\"elementor-widget-container\">\n\t\t\t\t\t\t\t<ul class=\"elementor-icon-list-items elementor-inline-items\">\n\t\t\t\t\t\t\t<li class=\"elementor-icon-list-item elementor-inline-item\">\n\t\t\t\t\t\t\t\t\t\t<span class=\"elementor-icon-list-text\">Ll\u00e1manos al (01) 7436776 anexo 1 \/  951 500 810<\/span>\n\t\t\t\t\t\t\t\t\t<\/li>\n\t\t\t\t\t\t\t\t<li class=\"elementor-icon-list-item elementor-inline-item\">\n\t\t\t\t\t\t\t\t\t\t<span class=\"elementor-icon-list-text\">WhatsApp: 951 500 810 <\/span>\n\t\t\t\t\t\t\t\t\t<\/li>\n\t\t\t\t\t\t\t\t<li class=\"elementor-icon-list-item elementor-inline-item\">\n\t\t\t\t\t\t\t\t\t\t<span class=\"elementor-icon-list-text\">contacto@flechelle.com.pe<\/span>\n\t\t\t\t\t\t\t\t\t<\/li>\n\t\t\t\t\t\t<\/ul>\n\t\t\t\t\t\t<\/div>\n\t\t\t\t<\/div>\n\t\t\t\t<div class=\"elementor-element elementor-element-4a1836d elementor-hidden-widescreen elementor-hidden-desktop elementor-icon-list--layout-traditional elementor-list-item-link-full_width elementor-widget elementor-widget-icon-list\" data-id=\"4a1836d\" data-element_type=\"widget\" data-widget_type=\"icon-list.default\">\n\t\t\t\t<div class=\"elementor-widget-container\">\n\t\t\t\t\t\t\t<ul class=\"elementor-icon-list-items\">\n\t\t\t\t\t\t\t<li class=\"elementor-icon-list-item\">\n\t\t\t\t\t\t\t\t\t\t<span class=\"elementor-icon-list-text\">Ll\u00e1manos al (01) 7436776 anexo 1 \/  951 500 810<\/span>\n\t\t\t\t\t\t\t\t\t<\/li>\n\t\t\t\t\t\t\t\t<li class=\"elementor-icon-list-item\">\n\t\t\t\t\t\t\t\t\t\t<span class=\"elementor-icon-list-text\">WhatsApp: 951 500 810 <\/span>\n\t\t\t\t\t\t\t\t\t<\/li>\n\t\t\t\t\t\t\t\t<li class=\"elementor-icon-list-item\">\n\t\t\t\t\t\t\t\t\t\t<span class=\"elementor-icon-list-text\">contacto@flechelle.com.pe<\/span>\n\t\t\t\t\t\t\t\t\t<\/li>\n\t\t\t\t\t\t<\/ul>\n\t\t\t\t\t\t<\/div>\n\t\t\t\t<\/div>\n\t\t\t\t<\/div>\n\t\t\t\t\t<\/div>\n\t\t\t\t<\/div>\n\t\t\t\t<\/div>\n\t\t","protected":false},"excerpt":{"rendered":"<p>Mantenimiento y mec\u00e1nica, Planchado y Pintura Servicio para BMW en Lima Servicio premium en mec\u00e1nica, planchado y pintura para tu BMW con garant\u00eda. Mantenimiento y Mec\u00e1nica BMW Nuestro taller cuenta con tecnolog\u00eda de punta para diagn\u00f3sticos, revisiones y reparaciones con garant\u00eda. Nos aseguramos de que tu BMW reciba el servicio adecuado seg\u00fan su kilometraje y [&hellip;]<\/p>\n","protected":false},"author":1,"featured_media":0,"parent":0,"menu_order":0,"comment_status":"closed","ping_status":"closed","template":"","meta":{"footnotes":""},"class_list":["post-323","page","type-page","status-publish","hentry"],"yoast_head":"<!-- This site is optimized with the Yoast SEO plugin v27.2 - https:\/\/yoast.com\/product\/yoast-seo-wordpress\/ -->\n<title>EFA | Flechelle - Servicio de BMW en Lima, Per\u00fa<\/title>\n<meta name=\"description\" content=\"Servicio premium en mec\u00e1nica, planchado y pintura para tu BMW con garant\u00eda. Cont\u00e1ctanos y dale a tu BMW el servicio que se merece.\" \/>\n<meta name=\"robots\" content=\"index, follow, max-snippet:-1, max-image-preview:large, max-video-preview:-1\" \/>\n<link rel=\"canonical\" href=\"https:\/\/flechelle.com\/wp1\/servicios-de-bmw\/\" \/>\n<meta property=\"og:locale\" content=\"es_ES\" \/>\n<meta property=\"og:type\" content=\"article\" \/>\n<meta property=\"og:title\" content=\"EFA | Flechelle - Servicio de BMW en Lima, Per\u00fa\" \/>\n<meta property=\"og:description\" content=\"Servicio premium en mec\u00e1nica, planchado y pintura para tu BMW con garant\u00eda. Cont\u00e1ctanos y dale a tu BMW el servicio que se merece.\" \/>\n<meta property=\"og:url\" content=\"https:\/\/flechelle.com\/wp1\/servicios-de-bmw\/\" \/>\n<meta property=\"og:site_name\" content=\"EFA | Flechelle\" \/>\n<meta property=\"article:publisher\" content=\"https:\/\/www.facebook.com\/EFAFlechelle\/\" \/>\n<meta property=\"article:modified_time\" content=\"2026-03-12T21:51:40+00:00\" \/>\n<meta property=\"og:image\" content=\"https:\/\/flechelle.com\/wp1\/wp-content\/uploads\/2025\/03\/servicio-de-mantenimiento-para-BMW-en-Lima.jpg\" \/>\n\t<meta property=\"og:image:width\" content=\"1550\" \/>\n\t<meta property=\"og:image:height\" content=\"2000\" \/>\n\t<meta property=\"og:image:type\" content=\"image\/jpeg\" \/>\n<meta name=\"twitter:card\" content=\"summary_large_image\" \/>\n<meta name=\"twitter:title\" content=\"EFA | Flechelle - Servicio de BMW en Lima, Per\u00fa\" \/>\n<meta name=\"twitter:description\" content=\"Servicio premium en mec\u00e1nica, planchado y pintura para tu BMW con garant\u00eda. Cont\u00e1ctanos y dale a tu BMW el servicio que se merece.\" \/>\n<meta name=\"twitter:image\" content=\"https:\/\/flechelle.com\/wp1\/wp-content\/uploads\/2025\/03\/servicio-de-mantenimiento-para-BMW-en-Lima.jpg\" \/>\n<meta name=\"twitter:label1\" content=\"Tiempo de lectura\" \/>\n\t<meta name=\"twitter:data1\" content=\"2 minutos\" \/>\n<script type=\"application\/ld+json\" class=\"yoast-schema-graph\">{\"@context\":\"https:\/\/schema.org\",\"@graph\":[{\"@type\":\"WebPage\",\"@id\":\"https:\/\/flechelle.com\/wp1\/servicios-de-bmw\/\",\"url\":\"https:\/\/flechelle.com\/wp1\/servicios-de-bmw\/\",\"name\":\"EFA | Flechelle - Servicio de BMW en Lima, Per\u00fa\",\"isPartOf\":{\"@id\":\"https:\/\/flechelle.com\/wp1\/#website\"},\"primaryImageOfPage\":{\"@id\":\"https:\/\/flechelle.com\/wp1\/servicios-de-bmw\/#primaryimage\"},\"image\":{\"@id\":\"https:\/\/flechelle.com\/wp1\/servicios-de-bmw\/#primaryimage\"},\"thumbnailUrl\":\"https:\/\/flechelle.com\/wp1\/wp-content\/uploads\/2025\/03\/logo-BMW.png\",\"datePublished\":\"2025-03-28T22:36:36+00:00\",\"dateModified\":\"2026-03-12T21:51:40+00:00\",\"description\":\"Servicio premium en mec\u00e1nica, planchado y pintura para tu BMW con garant\u00eda. Cont\u00e1ctanos y dale a tu BMW el servicio que se merece.\",\"breadcrumb\":{\"@id\":\"https:\/\/flechelle.com\/wp1\/servicios-de-bmw\/#breadcrumb\"},\"inLanguage\":\"es\",\"potentialAction\":[{\"@type\":\"ReadAction\",\"target\":[\"https:\/\/flechelle.com\/wp1\/servicios-de-bmw\/\"]}]},{\"@type\":\"ImageObject\",\"inLanguage\":\"es\",\"@id\":\"https:\/\/flechelle.com\/wp1\/servicios-de-bmw\/#primaryimage\",\"url\":\"https:\/\/flechelle.com\/wp1\/wp-content\/uploads\/2025\/03\/logo-BMW.png\",\"contentUrl\":\"https:\/\/flechelle.com\/wp1\/wp-content\/uploads\/2025\/03\/logo-BMW.png\",\"width\":512,\"height\":440},{\"@type\":\"BreadcrumbList\",\"@id\":\"https:\/\/flechelle.com\/wp1\/servicios-de-bmw\/#breadcrumb\",\"itemListElement\":[{\"@type\":\"ListItem\",\"position\":1,\"name\":\"Portada\",\"item\":\"https:\/\/flechelle.com\/wp1\/\"},{\"@type\":\"ListItem\",\"position\":2,\"name\":\"Servicios de BMW\"}]},{\"@type\":\"WebSite\",\"@id\":\"https:\/\/flechelle.com\/wp1\/#website\",\"url\":\"https:\/\/flechelle.com\/wp1\/\",\"name\":\"EFA | Flechelle\",\"description\":\"Taller Oficial Volkswagen en Lima, Per\u00fa\",\"publisher\":{\"@id\":\"https:\/\/flechelle.com\/wp1\/#organization\"},\"potentialAction\":[{\"@type\":\"SearchAction\",\"target\":{\"@type\":\"EntryPoint\",\"urlTemplate\":\"https:\/\/flechelle.com\/wp1\/?s={search_term_string}\"},\"query-input\":{\"@type\":\"PropertyValueSpecification\",\"valueRequired\":true,\"valueName\":\"search_term_string\"}}],\"inLanguage\":\"es\"},{\"@type\":\"Organization\",\"@id\":\"https:\/\/flechelle.com\/wp1\/#organization\",\"name\":\"EFA | Flechelle\",\"url\":\"https:\/\/flechelle.com\/wp1\/\",\"logo\":{\"@type\":\"ImageObject\",\"inLanguage\":\"es\",\"@id\":\"https:\/\/flechelle.com\/wp1\/#\/schema\/logo\/image\/\",\"url\":\"https:\/\/flechelle.com\/wp1\/wp-content\/uploads\/2025\/03\/cropped-61321f3b00feb70004beb7bc.png\",\"contentUrl\":\"https:\/\/flechelle.com\/wp1\/wp-content\/uploads\/2025\/03\/cropped-61321f3b00feb70004beb7bc.png\",\"width\":512,\"height\":512,\"caption\":\"EFA | Flechelle\"},\"image\":{\"@id\":\"https:\/\/flechelle.com\/wp1\/#\/schema\/logo\/image\/\"},\"sameAs\":[\"https:\/\/www.facebook.com\/EFAFlechelle\/\",\"https:\/\/www.linkedin.com\/company\/wolkswagen-flechelle\/\"]}]}<\/script>\n<!-- \/ Yoast SEO plugin. -->","yoast_head_json":{"title":"EFA | Flechelle - Servicio de BMW en Lima, Per\u00fa","description":"Servicio premium en mec\u00e1nica, planchado y pintura para tu BMW con garant\u00eda. Cont\u00e1ctanos y dale a tu BMW el servicio que se merece.","robots":{"index":"index","follow":"follow","max-snippet":"max-snippet:-1","max-image-preview":"max-image-preview:large","max-video-preview":"max-video-preview:-1"},"canonical":"https:\/\/flechelle.com\/wp1\/servicios-de-bmw\/","og_locale":"es_ES","og_type":"article","og_title":"EFA | Flechelle - Servicio de BMW en Lima, Per\u00fa","og_description":"Servicio premium en mec\u00e1nica, planchado y pintura para tu BMW con garant\u00eda. Cont\u00e1ctanos y dale a tu BMW el servicio que se merece.","og_url":"https:\/\/flechelle.com\/wp1\/servicios-de-bmw\/","og_site_name":"EFA | Flechelle","article_publisher":"https:\/\/www.facebook.com\/EFAFlechelle\/","article_modified_time":"2026-03-12T21:51:40+00:00","og_image":[{"width":1550,"height":2000,"url":"https:\/\/flechelle.com\/wp1\/wp-content\/uploads\/2025\/03\/servicio-de-mantenimiento-para-BMW-en-Lima.jpg","type":"image\/jpeg"}],"twitter_card":"summary_large_image","twitter_title":"EFA | Flechelle - Servicio de BMW en Lima, Per\u00fa","twitter_description":"Servicio premium en mec\u00e1nica, planchado y pintura para tu BMW con garant\u00eda. Cont\u00e1ctanos y dale a tu BMW el servicio que se merece.","twitter_image":"https:\/\/flechelle.com\/wp1\/wp-content\/uploads\/2025\/03\/servicio-de-mantenimiento-para-BMW-en-Lima.jpg","twitter_misc":{"Tiempo de lectura":"2 minutos"},"schema":{"@context":"https:\/\/schema.org","@graph":[{"@type":"WebPage","@id":"https:\/\/flechelle.com\/wp1\/servicios-de-bmw\/","url":"https:\/\/flechelle.com\/wp1\/servicios-de-bmw\/","name":"EFA | Flechelle - Servicio de BMW en Lima, Per\u00fa","isPartOf":{"@id":"https:\/\/flechelle.com\/wp1\/#website"},"primaryImageOfPage":{"@id":"https:\/\/flechelle.com\/wp1\/servicios-de-bmw\/#primaryimage"},"image":{"@id":"https:\/\/flechelle.com\/wp1\/servicios-de-bmw\/#primaryimage"},"thumbnailUrl":"https:\/\/flechelle.com\/wp1\/wp-content\/uploads\/2025\/03\/logo-BMW.png","datePublished":"2025-03-28T22:36:36+00:00","dateModified":"2026-03-12T21:51:40+00:00","description":"Servicio premium en mec\u00e1nica, planchado y pintura para tu BMW con garant\u00eda. Cont\u00e1ctanos y dale a tu BMW el servicio que se merece.","breadcrumb":{"@id":"https:\/\/flechelle.com\/wp1\/servicios-de-bmw\/#breadcrumb"},"inLanguage":"es","potentialAction":[{"@type":"ReadAction","target":["https:\/\/flechelle.com\/wp1\/servicios-de-bmw\/"]}]},{"@type":"ImageObject","inLanguage":"es","@id":"https:\/\/flechelle.com\/wp1\/servicios-de-bmw\/#primaryimage","url":"https:\/\/flechelle.com\/wp1\/wp-content\/uploads\/2025\/03\/logo-BMW.png","contentUrl":"https:\/\/flechelle.com\/wp1\/wp-content\/uploads\/2025\/03\/logo-BMW.png","width":512,"height":440},{"@type":"BreadcrumbList","@id":"https:\/\/flechelle.com\/wp1\/servicios-de-bmw\/#breadcrumb","itemListElement":[{"@type":"ListItem","position":1,"name":"Portada","item":"https:\/\/flechelle.com\/wp1\/"},{"@type":"ListItem","position":2,"name":"Servicios de BMW"}]},{"@type":"WebSite","@id":"https:\/\/flechelle.com\/wp1\/#website","url":"https:\/\/flechelle.com\/wp1\/","name":"EFA | Flechelle","description":"Taller Oficial Volkswagen en Lima, Per\u00fa","publisher":{"@id":"https:\/\/flechelle.com\/wp1\/#organization"},"potentialAction":[{"@type":"SearchAction","target":{"@type":"EntryPoint","urlTemplate":"https:\/\/flechelle.com\/wp1\/?s={search_term_string}"},"query-input":{"@type":"PropertyValueSpecification","valueRequired":true,"valueName":"search_term_string"}}],"inLanguage":"es"},{"@type":"Organization","@id":"https:\/\/flechelle.com\/wp1\/#organization","name":"EFA | Flechelle","url":"https:\/\/flechelle.com\/wp1\/","logo":{"@type":"ImageObject","inLanguage":"es","@id":"https:\/\/flechelle.com\/wp1\/#\/schema\/logo\/image\/","url":"https:\/\/flechelle.com\/wp1\/wp-content\/uploads\/2025\/03\/cropped-61321f3b00feb70004beb7bc.png","contentUrl":"https:\/\/flechelle.com\/wp1\/wp-content\/uploads\/2025\/03\/cropped-61321f3b00feb70004beb7bc.png","width":512,"height":512,"caption":"EFA | Flechelle"},"image":{"@id":"https:\/\/flechelle.com\/wp1\/#\/schema\/logo\/image\/"},"sameAs":["https:\/\/www.facebook.com\/EFAFlechelle\/","https:\/\/www.linkedin.com\/company\/wolkswagen-flechelle\/"]}]}},"_links":{"self":[{"href":"https:\/\/flechelle.com\/wp1\/wp-json\/wp\/v2\/pages\/323","targetHints":{"allow":["GET"]}}],"collection":[{"href":"https:\/\/flechelle.com\/wp1\/wp-json\/wp\/v2\/pages"}],"about":[{"href":"https:\/\/flechelle.com\/wp1\/wp-json\/wp\/v2\/types\/page"}],"author":[{"embeddable":true,"href":"https:\/\/flechelle.com\/wp1\/wp-json\/wp\/v2\/users\/1"}],"replies":[{"embeddable":true,"href":"https:\/\/flechelle.com\/wp1\/wp-json\/wp\/v2\/comments?post=323"}],"version-history":[{"count":44,"href":"https:\/\/flechelle.com\/wp1\/wp-json\/wp\/v2\/pages\/323\/revisions"}],"predecessor-version":[{"id":7598,"href":"https:\/\/flechelle.com\/wp1\/wp-json\/wp\/v2\/pages\/323\/revisions\/7598"}],"wp:attachment":[{"href":"https:\/\/flechelle.com\/wp1\/wp-json\/wp\/v2\/media?parent=323"}],"curies":[{"name":"wp","href":"https:\/\/api.w.org\/{rel}","templated":true}]}}