{"id":301,"date":"2025-03-28T22:04:32","date_gmt":"2025-03-28T22:04:32","guid":{"rendered":"https:\/\/rafaelalviarez.site\/efa\/?page_id=301"},"modified":"2026-03-16T20:44:48","modified_gmt":"2026-03-16T20:44:48","slug":"promociones-repuestos-volkswagen","status":"publish","type":"page","link":"https:\/\/flechelle.com\/wp1\/promociones-repuestos-volkswagen\/","title":{"rendered":"Promociones Repuestos Volkswagen"},"content":{"rendered":"\t\t<div data-elementor-type=\"wp-page\" data-elementor-id=\"301\" class=\"elementor elementor-301\" data-elementor-post-type=\"page\">\n\t\t\t\t<div class=\"elementor-element elementor-element-2f89f52b e-flex e-con-boxed e-con e-parent\" data-id=\"2f89f52b\" data-element_type=\"container\" data-settings=\"{&quot;background_background&quot;:&quot;classic&quot;}\">\n\t\t\t\t\t<div class=\"e-con-inner\">\n\t\t<div class=\"elementor-element elementor-element-a69527b e-con-full e-flex e-con e-child\" data-id=\"a69527b\" data-element_type=\"container\">\n\t\t<div class=\"elementor-element elementor-element-fc70bcf e-con-full e-flex e-con e-child\" data-id=\"fc70bcf\" data-element_type=\"container\">\n\t\t<div class=\"elementor-element elementor-element-46fa4c3 e-con-full e-flex e-con e-child\" data-id=\"46fa4c3\" data-element_type=\"container\">\n\t\t\t\t<div class=\"elementor-element elementor-element-436fbbf elementor-widget__width-initial elementor-widget-mobile__width-initial elementor-widget elementor-widget-image\" data-id=\"436fbbf\" data-element_type=\"widget\" data-widget_type=\"image.default\">\n\t\t\t\t<div class=\"elementor-widget-container\">\n\t\t\t\t\t\t\t\t\t\t\t\t\t\t\t<img fetchpriority=\"high\" decoding=\"async\" width=\"512\" height=\"512\" src=\"https:\/\/flechelle.com\/wp1\/wp-content\/uploads\/2025\/03\/Volkswagen_logo.png\" class=\"attachment-full size-full wp-image-226\" alt=\"T\u00e9cnicos calificados Volkswagen\" srcset=\"https:\/\/flechelle.com\/wp1\/wp-content\/uploads\/2025\/03\/Volkswagen_logo.png 512w, https:\/\/flechelle.com\/wp1\/wp-content\/uploads\/2025\/03\/Volkswagen_logo-300x300.png 300w, https:\/\/flechelle.com\/wp1\/wp-content\/uploads\/2025\/03\/Volkswagen_logo-150x150.png 150w\" sizes=\"(max-width: 512px) 100vw, 512px\" \/>\t\t\t\t\t\t\t\t\t\t\t\t\t\t\t<\/div>\n\t\t\t\t<\/div>\n\t\t\t\t<div class=\"elementor-element elementor-element-270baa4 elementor-widget-mobile__width-initial elementor-widget elementor-widget-heading\" data-id=\"270baa4\" data-element_type=\"widget\" data-widget_type=\"heading.default\">\n\t\t\t\t<div class=\"elementor-widget-container\">\n\t\t\t\t\t<h6 class=\"elementor-heading-title elementor-size-default\">TALLER OFICIAL VOLKSWAGEN<\/h6>\t\t\t\t<\/div>\n\t\t\t\t<\/div>\n\t\t\t\t<\/div>\n\t\t\t\t<div class=\"elementor-element elementor-element-3a99bcb elementor-widget elementor-widget-heading\" data-id=\"3a99bcb\" data-element_type=\"widget\" data-widget_type=\"heading.default\">\n\t\t\t\t<div class=\"elementor-widget-container\">\n\t\t\t\t\t<h1 class=\"elementor-heading-title elementor-size-default\">Promociones Repuestos Volkswagen<\/h1>\t\t\t\t<\/div>\n\t\t\t\t<\/div>\n\t\t\t\t<\/div>\n\t\t\t\t<\/div>\n\t\t<div class=\"elementor-element elementor-element-0acb730 e-con-full e-flex e-con e-child\" data-id=\"0acb730\" data-element_type=\"container\">\n\t\t<div class=\"elementor-element elementor-element-b1a599b e-flex e-con-boxed e-con e-child\" data-id=\"b1a599b\" data-element_type=\"container\" data-settings=\"{&quot;background_background&quot;:&quot;classic&quot;}\">\n\t\t\t\t\t<div class=\"e-con-inner\">\n\t\t\t\t<div class=\"elementor-element elementor-element-8e39626 elementor-widget elementor-widget-heading\" data-id=\"8e39626\" data-element_type=\"widget\" data-widget_type=\"heading.default\">\n\t\t\t\t<div class=\"elementor-widget-container\">\n\t\t\t\t\t<h2 class=\"elementor-heading-title elementor-size-default\"><span style=\"letter-spacing: -0.6px\">Motor para tu Volkswagen Gol<\/span><\/h2>\t\t\t\t<\/div>\n\t\t\t\t<\/div>\n\t\t\t\t<div class=\"elementor-element elementor-element-3e8ad60 elementor-widget elementor-widget-text-editor\" data-id=\"3e8ad60\" data-element_type=\"widget\" data-widget_type=\"text-editor.default\">\n\t\t\t\t<div class=\"elementor-widget-container\">\n\t\t\t\t\t\t\t\t\t<p data-pm-slice=\"1 1 []\"><span style=\"font-weight: bold; color: #071e40; font-size: 25px; letter-spacing: -0.3px;\">Rendimiento \u00f3ptimo:<\/span><\/p><ul data-spread=\"false\"><li><strong>Desde:<\/strong>\u00a0S\/10,000<\/li><li><b>Legales: <\/b>Aprovecha este servicio y potencia el rendimiento de tu Volkswagen Gol. V\u00e1lido del 01\/01\/2026 al 31\/03\/2026 o hasta agotar stock, lo que ocurra primero. No incluye mano de obra. Campa\u00f1a v\u00e1lida exclusivamente en toda la Red de Concesionarios Volkswagen Oficial a nivel nacional. Precio sugerido S\/ 10,000 inc. Igv, el motor CFZ es compatible para los modelos Fox, Crossfox, Spacefox (2010-2015), Gol HB, Sedan, Voyage (2010-2022), Saveiro (2012-2023). El motor incluye: monoblock, pistones, bielas, cig\u00fce\u00f1al, culata con v\u00e1lvulas y \u00e1rbol de levas, junta de culata, tapa de llenado de aceite, bomba de aceite, carter de aceite, buj\u00edas. Precio no incluye mano de obra. Cualquier trabajo adicional para diagn\u00f3stico de fallas del veh\u00edculo u otros, ser\u00e1n cotizados; y de ser necesario su realizaci\u00f3n, se solicitar\u00e1 al cliente la autorizaci\u00f3n respectiva por los costos adicionales. Im\u00e1genes referenciales.<\/li><\/ul>\t\t\t\t\t\t\t\t<\/div>\n\t\t\t\t<\/div>\n\t\t\t\t<div class=\"elementor-element elementor-element-ac095e3 elementor-tablet-align-center elementor-align-center elementor-widget elementor-widget-button\" data-id=\"ac095e3\" data-element_type=\"widget\" data-widget_type=\"button.default\">\n\t\t\t\t<div class=\"elementor-widget-container\">\n\t\t\t\t\t\t\t\t\t<div class=\"elementor-button-wrapper\">\n\t\t\t\t\t<a class=\"elementor-button elementor-button-link elementor-size-sm\" href=\"#elementor-action%3Aaction%3Dpopup%3Aopen%26settings%3DeyJpZCI6IjUwMiIsInRvZ2dsZSI6ZmFsc2V9\">\n\t\t\t\t\t\t<span class=\"elementor-button-content-wrapper\">\n\t\t\t\t\t\t\t\t\t<span class=\"elementor-button-text\">COTIZAR<\/span>\n\t\t\t\t\t<\/span>\n\t\t\t\t\t<\/a>\n\t\t\t\t<\/div>\n\t\t\t\t\t\t\t\t<\/div>\n\t\t\t\t<\/div>\n\t\t\t\t\t<\/div>\n\t\t\t\t<\/div>\n\t\t<div class=\"elementor-element elementor-element-ba2460f e-flex e-con-boxed e-con e-child\" data-id=\"ba2460f\" data-element_type=\"container\" data-settings=\"{&quot;background_background&quot;:&quot;classic&quot;}\">\n\t\t\t\t\t<div class=\"e-con-inner\">\n\t\t\t\t<div class=\"elementor-element elementor-element-476b06e elementor-widget elementor-widget-heading\" data-id=\"476b06e\" data-element_type=\"widget\" data-widget_type=\"heading.default\">\n\t\t\t\t<div class=\"elementor-widget-container\">\n\t\t\t\t\t<h2 class=\"elementor-heading-title elementor-size-default\"><span style=\"letter-spacing: -0.6px\">Dale una nueva vida a tu Amarok<\/span><span style=\"letter-spacing: -0.6px\"><\/span><br><\/h2>\t\t\t\t<\/div>\n\t\t\t\t<\/div>\n\t\t\t\t<div class=\"elementor-element elementor-element-3433a59 elementor-widget elementor-widget-text-editor\" data-id=\"3433a59\" data-element_type=\"widget\" data-widget_type=\"text-editor.default\">\n\t\t\t\t<div class=\"elementor-widget-container\">\n\t\t\t\t\t\t\t\t\t<p data-pm-slice=\"1 1 []\"><span style=\"color: #071e40; font-size: 25px; font-weight: bold; letter-spacing: -0.3px;\">Recupera su potencia:<\/span><\/p><ul data-spread=\"false\"><li><strong>Desde:<\/strong> S\/30,000<\/li><li><strong>Legales:\u00a0<\/strong>Aprovecha y realiza el cambio completo del motor de tu Amarok. V\u00e1lido del 01\/01\/2026 al 31\/03\/2026 o hasta agotar stock, lo que ocurra primero. No incluye mano de obra. Campa\u00f1a v\u00e1lida exclusivamente en toda la Red de Concesionarios Volkswagen Oficial a nivel nacional. Precio sugerido S\/ 30,000 inc. IGV, el motor CNEA aplica a todas las unidades Amarok que utilizan esta motorizaci\u00f3n. El motor incluye: monoblock, pistones, bielas, cig\u00fce\u00f1al, bomba de aceite, bandeja de aceite, culata con v\u00e1lvulas y \u00e1rbol de levas, inyectores, buj\u00edas de precalentamiento, tapa de culata con junta, bomba de depresi\u00f3n. Precio no incluye mano de obra. Cualquier trabajo adicional para diagn\u00f3stico de fallas del veh\u00edculo u otros, ser\u00e1n cotizados; y de ser necesario su realizaci\u00f3n, se solicitar\u00e1 al cliente la autorizaci\u00f3n respectiva por los costos adicionales. Im\u00e1genes referenciales.<\/li><\/ul>\t\t\t\t\t\t\t\t<\/div>\n\t\t\t\t<\/div>\n\t\t\t\t<div class=\"elementor-element elementor-element-0cad3cf elementor-tablet-align-center elementor-align-center elementor-widget elementor-widget-button\" data-id=\"0cad3cf\" data-element_type=\"widget\" data-widget_type=\"button.default\">\n\t\t\t\t<div class=\"elementor-widget-container\">\n\t\t\t\t\t\t\t\t\t<div class=\"elementor-button-wrapper\">\n\t\t\t\t\t<a class=\"elementor-button elementor-button-link elementor-size-sm\" href=\"#elementor-action%3Aaction%3Dpopup%3Aopen%26settings%3DeyJpZCI6IjUwMiIsInRvZ2dsZSI6ZmFsc2V9\">\n\t\t\t\t\t\t<span class=\"elementor-button-content-wrapper\">\n\t\t\t\t\t\t\t\t\t<span class=\"elementor-button-text\">COTIZAR<\/span>\n\t\t\t\t\t<\/span>\n\t\t\t\t\t<\/a>\n\t\t\t\t<\/div>\n\t\t\t\t\t\t\t\t<\/div>\n\t\t\t\t<\/div>\n\t\t\t\t\t<\/div>\n\t\t\t\t<\/div>\n\t\t\t\t<\/div>\n\t\t<div class=\"elementor-element elementor-element-cce2bc1 e-grid e-con-full e-con e-child\" data-id=\"cce2bc1\" data-element_type=\"container\">\n\t\t\t\t<div class=\"elementor-element elementor-element-34fa506 elementor-widget elementor-widget-image\" data-id=\"34fa506\" data-element_type=\"widget\" data-widget_type=\"image.default\">\n\t\t\t\t<div class=\"elementor-widget-container\">\n\t\t\t\t\t\t\t\t\t\t\t\t\t\t\t<img decoding=\"async\" width=\"400\" height=\"403\" src=\"https:\/\/flechelle.com\/wp1\/wp-content\/uploads\/2026\/03\/promocion-motor-gol.png\" class=\"attachment-medium_large size-medium_large wp-image-7653\" alt=\"\" srcset=\"https:\/\/flechelle.com\/wp1\/wp-content\/uploads\/2026\/03\/promocion-motor-gol.png 400w, https:\/\/flechelle.com\/wp1\/wp-content\/uploads\/2026\/03\/promocion-motor-gol-298x300.png 298w, https:\/\/flechelle.com\/wp1\/wp-content\/uploads\/2026\/03\/promocion-motor-gol-150x150.png 150w\" sizes=\"(max-width: 400px) 100vw, 400px\" \/>\t\t\t\t\t\t\t\t\t\t\t\t\t\t\t<\/div>\n\t\t\t\t<\/div>\n\t\t\t\t<div class=\"elementor-element elementor-element-be33080 elementor-widget elementor-widget-image\" data-id=\"be33080\" data-element_type=\"widget\" data-widget_type=\"image.default\">\n\t\t\t\t<div class=\"elementor-widget-container\">\n\t\t\t\t\t\t\t\t\t\t\t\t\t\t\t<img decoding=\"async\" width=\"400\" height=\"400\" src=\"https:\/\/flechelle.com\/wp1\/wp-content\/uploads\/2026\/03\/promocion-motor-amarok.png\" class=\"attachment-large size-large wp-image-7654\" alt=\"\" srcset=\"https:\/\/flechelle.com\/wp1\/wp-content\/uploads\/2026\/03\/promocion-motor-amarok.png 400w, https:\/\/flechelle.com\/wp1\/wp-content\/uploads\/2026\/03\/promocion-motor-amarok-300x300.png 300w, https:\/\/flechelle.com\/wp1\/wp-content\/uploads\/2026\/03\/promocion-motor-amarok-150x150.png 150w\" sizes=\"(max-width: 400px) 100vw, 400px\" \/>\t\t\t\t\t\t\t\t\t\t\t\t\t\t\t<\/div>\n\t\t\t\t<\/div>\n\t\t\t\t<\/div>\n\t\t<div class=\"elementor-element elementor-element-65f153c9 e-con-full e-flex e-con e-child\" data-id=\"65f153c9\" data-element_type=\"container\">\n\t\t\t\t<div class=\"elementor-element elementor-element-d0787e7 elementor-widget elementor-widget-heading\" data-id=\"d0787e7\" data-element_type=\"widget\" data-widget_type=\"heading.default\">\n\t\t\t\t<div class=\"elementor-widget-container\">\n\t\t\t\t\t<h2 class=\"elementor-heading-title elementor-size-default\">Repuestos originales Volkswagen<\/h2>\t\t\t\t<\/div>\n\t\t\t\t<\/div>\n\t\t\t\t<div class=\"elementor-element elementor-element-7e2dedaa elementor-widget elementor-widget-text-editor\" data-id=\"7e2dedaa\" data-element_type=\"widget\" data-widget_type=\"text-editor.default\">\n\t\t\t\t<div class=\"elementor-widget-container\">\n\t\t\t\t\t\t\t\t\t<p data-pm-slice=\"1 1 []\">Dale a tu Volkswagen el cuidado que se merece con expertos en la marca. Cont\u00e1ctanos para agendar una cita o solicitar una cotizaci\u00f3n sin compromiso.<\/p>\t\t\t\t\t\t\t\t<\/div>\n\t\t\t\t<\/div>\n\t\t\t\t<div class=\"elementor-element elementor-element-cb132d5 elementor-icon-list--layout-inline elementor-hidden-tablet elementor-hidden-mobile elementor-list-item-link-full_width elementor-widget elementor-widget-icon-list\" data-id=\"cb132d5\" data-element_type=\"widget\" data-widget_type=\"icon-list.default\">\n\t\t\t\t<div class=\"elementor-widget-container\">\n\t\t\t\t\t\t\t<ul class=\"elementor-icon-list-items elementor-inline-items\">\n\t\t\t\t\t\t\t<li class=\"elementor-icon-list-item elementor-inline-item\">\n\t\t\t\t\t\t\t\t\t\t<span class=\"elementor-icon-list-text\">Ll\u00e1manos al (01) 7436776 anexo 1 \/  951 500 810<\/span>\n\t\t\t\t\t\t\t\t\t<\/li>\n\t\t\t\t\t\t\t\t<li class=\"elementor-icon-list-item elementor-inline-item\">\n\t\t\t\t\t\t\t\t\t\t<span class=\"elementor-icon-list-text\">WhatsApp: 951 500 810 <\/span>\n\t\t\t\t\t\t\t\t\t<\/li>\n\t\t\t\t\t\t\t\t<li class=\"elementor-icon-list-item elementor-inline-item\">\n\t\t\t\t\t\t\t\t\t\t<span class=\"elementor-icon-list-text\">contacto@flechelle.com.pe<\/span>\n\t\t\t\t\t\t\t\t\t<\/li>\n\t\t\t\t\t\t<\/ul>\n\t\t\t\t\t\t<\/div>\n\t\t\t\t<\/div>\n\t\t\t\t<div class=\"elementor-element elementor-element-4a1836d elementor-hidden-widescreen elementor-hidden-desktop elementor-icon-list--layout-traditional elementor-list-item-link-full_width elementor-widget elementor-widget-icon-list\" data-id=\"4a1836d\" data-element_type=\"widget\" data-widget_type=\"icon-list.default\">\n\t\t\t\t<div class=\"elementor-widget-container\">\n\t\t\t\t\t\t\t<ul class=\"elementor-icon-list-items\">\n\t\t\t\t\t\t\t<li class=\"elementor-icon-list-item\">\n\t\t\t\t\t\t\t\t\t\t<span class=\"elementor-icon-list-text\">Ll\u00e1manos al (01) 7436776 anexo 1 \/  951 500 810<\/span>\n\t\t\t\t\t\t\t\t\t<\/li>\n\t\t\t\t\t\t\t\t<li class=\"elementor-icon-list-item\">\n\t\t\t\t\t\t\t\t\t\t<span class=\"elementor-icon-list-text\">WhatsApp: 951 500 810 <\/span>\n\t\t\t\t\t\t\t\t\t<\/li>\n\t\t\t\t\t\t\t\t<li class=\"elementor-icon-list-item\">\n\t\t\t\t\t\t\t\t\t\t<span class=\"elementor-icon-list-text\">contacto@flechelle.com.pe<\/span>\n\t\t\t\t\t\t\t\t\t<\/li>\n\t\t\t\t\t\t<\/ul>\n\t\t\t\t\t\t<\/div>\n\t\t\t\t<\/div>\n\t\t\t\t<\/div>\n\t\t\t\t\t<\/div>\n\t\t\t\t<\/div>\n\t\t\t\t<\/div>\n\t\t","protected":false},"excerpt":{"rendered":"<p>TALLER OFICIAL VOLKSWAGEN Promociones Repuestos Volkswagen Motor para tu Volkswagen Gol Rendimiento \u00f3ptimo: Desde:\u00a0S\/10,000 Legales: Aprovecha este servicio y potencia el rendimiento de tu Volkswagen Gol. V\u00e1lido del 01\/01\/2026 al 31\/03\/2026 o hasta agotar stock, lo que ocurra primero. No incluye mano de obra. Campa\u00f1a v\u00e1lida exclusivamente en toda la Red de Concesionarios Volkswagen Oficial [&hellip;]<\/p>\n","protected":false},"author":1,"featured_media":0,"parent":0,"menu_order":0,"comment_status":"closed","ping_status":"closed","template":"","meta":{"footnotes":""},"class_list":["post-301","page","type-page","status-publish","hentry"],"yoast_head":"<!-- This site is optimized with the Yoast SEO plugin v27.2 - https:\/\/yoast.com\/product\/yoast-seo-wordpress\/ -->\n<title>EFA | Flechelle - Promociones Repuestos Volkswagen<\/title>\n<meta name=\"description\" content=\"Promociones Repuestos Volkswagen. Repuestos originales Volkswagen. Accesorios originales Volkswagen.\" \/>\n<meta name=\"robots\" content=\"index, follow, max-snippet:-1, max-image-preview:large, max-video-preview:-1\" \/>\n<link rel=\"canonical\" href=\"https:\/\/flechelle.com\/wp1\/promociones-repuestos-volkswagen\/\" \/>\n<meta property=\"og:locale\" content=\"es_ES\" \/>\n<meta property=\"og:type\" content=\"article\" \/>\n<meta property=\"og:title\" content=\"EFA | Flechelle - Servicio de Mercedes Benz\" \/>\n<meta property=\"og:description\" content=\"Servicios premium en mec\u00e1nica, planchado y pintura para tu Mercedes Benz con garant\u00eda. Tu Mercedes Benz en manos de expertos.\" \/>\n<meta property=\"og:url\" content=\"https:\/\/flechelle.com\/wp1\/promociones-repuestos-volkswagen\/\" \/>\n<meta property=\"og:site_name\" content=\"EFA | Flechelle\" \/>\n<meta property=\"article:publisher\" content=\"https:\/\/www.facebook.com\/EFAFlechelle\/\" \/>\n<meta property=\"article:modified_time\" content=\"2026-03-16T20:44:48+00:00\" \/>\n<meta property=\"og:image\" content=\"https:\/\/flechelle.com\/wp1\/wp-content\/uploads\/2025\/03\/servicio-premium-para-mercedez-benz-en-lima.jpg\" \/>\n\t<meta property=\"og:image:width\" content=\"1333\" \/>\n\t<meta property=\"og:image:height\" content=\"2000\" \/>\n\t<meta property=\"og:image:type\" content=\"image\/jpeg\" \/>\n<meta name=\"twitter:card\" content=\"summary_large_image\" \/>\n<meta name=\"twitter:title\" content=\"EFA | Flechelle - Servicio de Mercedes Benz\" \/>\n<meta name=\"twitter:description\" content=\"Servicios premium en mec\u00e1nica, planchado y pintura para tu Mercedes Benz con garant\u00eda. Tu Mercedes Benz en manos de expertos.\" \/>\n<meta name=\"twitter:image\" content=\"https:\/\/flechelle.com\/wp1\/wp-content\/uploads\/2025\/03\/servicio-premium-para-mercedez-benz-en-lima.jpg\" \/>\n<meta name=\"twitter:label1\" content=\"Tiempo de lectura\" \/>\n\t<meta name=\"twitter:data1\" content=\"3 minutos\" \/>\n<script type=\"application\/ld+json\" class=\"yoast-schema-graph\">{\"@context\":\"https:\/\/schema.org\",\"@graph\":[{\"@type\":\"WebPage\",\"@id\":\"https:\/\/flechelle.com\/wp1\/promociones-repuestos-volkswagen\/\",\"url\":\"https:\/\/flechelle.com\/wp1\/promociones-repuestos-volkswagen\/\",\"name\":\"EFA | Flechelle - Promociones Repuestos Volkswagen\",\"isPartOf\":{\"@id\":\"https:\/\/flechelle.com\/wp1\/#website\"},\"primaryImageOfPage\":{\"@id\":\"https:\/\/flechelle.com\/wp1\/promociones-repuestos-volkswagen\/#primaryimage\"},\"image\":{\"@id\":\"https:\/\/flechelle.com\/wp1\/promociones-repuestos-volkswagen\/#primaryimage\"},\"thumbnailUrl\":\"https:\/\/flechelle.com\/wp1\/wp-content\/uploads\/2025\/03\/Volkswagen_logo.png\",\"datePublished\":\"2025-03-28T22:04:32+00:00\",\"dateModified\":\"2026-03-16T20:44:48+00:00\",\"description\":\"Promociones Repuestos Volkswagen. Repuestos originales Volkswagen. Accesorios originales Volkswagen.\",\"breadcrumb\":{\"@id\":\"https:\/\/flechelle.com\/wp1\/promociones-repuestos-volkswagen\/#breadcrumb\"},\"inLanguage\":\"es\",\"potentialAction\":[{\"@type\":\"ReadAction\",\"target\":[\"https:\/\/flechelle.com\/wp1\/promociones-repuestos-volkswagen\/\"]}]},{\"@type\":\"ImageObject\",\"inLanguage\":\"es\",\"@id\":\"https:\/\/flechelle.com\/wp1\/promociones-repuestos-volkswagen\/#primaryimage\",\"url\":\"https:\/\/flechelle.com\/wp1\/wp-content\/uploads\/2025\/03\/Volkswagen_logo.png\",\"contentUrl\":\"https:\/\/flechelle.com\/wp1\/wp-content\/uploads\/2025\/03\/Volkswagen_logo.png\",\"width\":512,\"height\":512,\"caption\":\"T\u00e9cnicos calificados Volkswagen\"},{\"@type\":\"BreadcrumbList\",\"@id\":\"https:\/\/flechelle.com\/wp1\/promociones-repuestos-volkswagen\/#breadcrumb\",\"itemListElement\":[{\"@type\":\"ListItem\",\"position\":1,\"name\":\"Portada\",\"item\":\"https:\/\/flechelle.com\/wp1\/\"},{\"@type\":\"ListItem\",\"position\":2,\"name\":\"Promociones Repuestos Volkswagen\"}]},{\"@type\":\"WebSite\",\"@id\":\"https:\/\/flechelle.com\/wp1\/#website\",\"url\":\"https:\/\/flechelle.com\/wp1\/\",\"name\":\"EFA | Flechelle\",\"description\":\"Taller Oficial Volkswagen en Lima, Per\u00fa\",\"publisher\":{\"@id\":\"https:\/\/flechelle.com\/wp1\/#organization\"},\"potentialAction\":[{\"@type\":\"SearchAction\",\"target\":{\"@type\":\"EntryPoint\",\"urlTemplate\":\"https:\/\/flechelle.com\/wp1\/?s={search_term_string}\"},\"query-input\":{\"@type\":\"PropertyValueSpecification\",\"valueRequired\":true,\"valueName\":\"search_term_string\"}}],\"inLanguage\":\"es\"},{\"@type\":\"Organization\",\"@id\":\"https:\/\/flechelle.com\/wp1\/#organization\",\"name\":\"EFA | Flechelle\",\"url\":\"https:\/\/flechelle.com\/wp1\/\",\"logo\":{\"@type\":\"ImageObject\",\"inLanguage\":\"es\",\"@id\":\"https:\/\/flechelle.com\/wp1\/#\/schema\/logo\/image\/\",\"url\":\"https:\/\/flechelle.com\/wp1\/wp-content\/uploads\/2025\/03\/cropped-61321f3b00feb70004beb7bc.png\",\"contentUrl\":\"https:\/\/flechelle.com\/wp1\/wp-content\/uploads\/2025\/03\/cropped-61321f3b00feb70004beb7bc.png\",\"width\":512,\"height\":512,\"caption\":\"EFA | Flechelle\"},\"image\":{\"@id\":\"https:\/\/flechelle.com\/wp1\/#\/schema\/logo\/image\/\"},\"sameAs\":[\"https:\/\/www.facebook.com\/EFAFlechelle\/\",\"https:\/\/www.linkedin.com\/company\/wolkswagen-flechelle\/\"]}]}<\/script>\n<!-- \/ Yoast SEO plugin. -->","yoast_head_json":{"title":"EFA | Flechelle - Promociones Repuestos Volkswagen","description":"Promociones Repuestos Volkswagen. Repuestos originales Volkswagen. Accesorios originales Volkswagen.","robots":{"index":"index","follow":"follow","max-snippet":"max-snippet:-1","max-image-preview":"max-image-preview:large","max-video-preview":"max-video-preview:-1"},"canonical":"https:\/\/flechelle.com\/wp1\/promociones-repuestos-volkswagen\/","og_locale":"es_ES","og_type":"article","og_title":"EFA | Flechelle - Servicio de Mercedes Benz","og_description":"Servicios premium en mec\u00e1nica, planchado y pintura para tu Mercedes Benz con garant\u00eda. Tu Mercedes Benz en manos de expertos.","og_url":"https:\/\/flechelle.com\/wp1\/promociones-repuestos-volkswagen\/","og_site_name":"EFA | Flechelle","article_publisher":"https:\/\/www.facebook.com\/EFAFlechelle\/","article_modified_time":"2026-03-16T20:44:48+00:00","og_image":[{"width":1333,"height":2000,"url":"https:\/\/flechelle.com\/wp1\/wp-content\/uploads\/2025\/03\/servicio-premium-para-mercedez-benz-en-lima.jpg","type":"image\/jpeg"}],"twitter_card":"summary_large_image","twitter_title":"EFA | Flechelle - Servicio de Mercedes Benz","twitter_description":"Servicios premium en mec\u00e1nica, planchado y pintura para tu Mercedes Benz con garant\u00eda. Tu Mercedes Benz en manos de expertos.","twitter_image":"https:\/\/flechelle.com\/wp1\/wp-content\/uploads\/2025\/03\/servicio-premium-para-mercedez-benz-en-lima.jpg","twitter_misc":{"Tiempo de lectura":"3 minutos"},"schema":{"@context":"https:\/\/schema.org","@graph":[{"@type":"WebPage","@id":"https:\/\/flechelle.com\/wp1\/promociones-repuestos-volkswagen\/","url":"https:\/\/flechelle.com\/wp1\/promociones-repuestos-volkswagen\/","name":"EFA | Flechelle - Promociones Repuestos Volkswagen","isPartOf":{"@id":"https:\/\/flechelle.com\/wp1\/#website"},"primaryImageOfPage":{"@id":"https:\/\/flechelle.com\/wp1\/promociones-repuestos-volkswagen\/#primaryimage"},"image":{"@id":"https:\/\/flechelle.com\/wp1\/promociones-repuestos-volkswagen\/#primaryimage"},"thumbnailUrl":"https:\/\/flechelle.com\/wp1\/wp-content\/uploads\/2025\/03\/Volkswagen_logo.png","datePublished":"2025-03-28T22:04:32+00:00","dateModified":"2026-03-16T20:44:48+00:00","description":"Promociones Repuestos Volkswagen. Repuestos originales Volkswagen. Accesorios originales Volkswagen.","breadcrumb":{"@id":"https:\/\/flechelle.com\/wp1\/promociones-repuestos-volkswagen\/#breadcrumb"},"inLanguage":"es","potentialAction":[{"@type":"ReadAction","target":["https:\/\/flechelle.com\/wp1\/promociones-repuestos-volkswagen\/"]}]},{"@type":"ImageObject","inLanguage":"es","@id":"https:\/\/flechelle.com\/wp1\/promociones-repuestos-volkswagen\/#primaryimage","url":"https:\/\/flechelle.com\/wp1\/wp-content\/uploads\/2025\/03\/Volkswagen_logo.png","contentUrl":"https:\/\/flechelle.com\/wp1\/wp-content\/uploads\/2025\/03\/Volkswagen_logo.png","width":512,"height":512,"caption":"T\u00e9cnicos calificados Volkswagen"},{"@type":"BreadcrumbList","@id":"https:\/\/flechelle.com\/wp1\/promociones-repuestos-volkswagen\/#breadcrumb","itemListElement":[{"@type":"ListItem","position":1,"name":"Portada","item":"https:\/\/flechelle.com\/wp1\/"},{"@type":"ListItem","position":2,"name":"Promociones Repuestos Volkswagen"}]},{"@type":"WebSite","@id":"https:\/\/flechelle.com\/wp1\/#website","url":"https:\/\/flechelle.com\/wp1\/","name":"EFA | Flechelle","description":"Taller Oficial Volkswagen en Lima, Per\u00fa","publisher":{"@id":"https:\/\/flechelle.com\/wp1\/#organization"},"potentialAction":[{"@type":"SearchAction","target":{"@type":"EntryPoint","urlTemplate":"https:\/\/flechelle.com\/wp1\/?s={search_term_string}"},"query-input":{"@type":"PropertyValueSpecification","valueRequired":true,"valueName":"search_term_string"}}],"inLanguage":"es"},{"@type":"Organization","@id":"https:\/\/flechelle.com\/wp1\/#organization","name":"EFA | Flechelle","url":"https:\/\/flechelle.com\/wp1\/","logo":{"@type":"ImageObject","inLanguage":"es","@id":"https:\/\/flechelle.com\/wp1\/#\/schema\/logo\/image\/","url":"https:\/\/flechelle.com\/wp1\/wp-content\/uploads\/2025\/03\/cropped-61321f3b00feb70004beb7bc.png","contentUrl":"https:\/\/flechelle.com\/wp1\/wp-content\/uploads\/2025\/03\/cropped-61321f3b00feb70004beb7bc.png","width":512,"height":512,"caption":"EFA | Flechelle"},"image":{"@id":"https:\/\/flechelle.com\/wp1\/#\/schema\/logo\/image\/"},"sameAs":["https:\/\/www.facebook.com\/EFAFlechelle\/","https:\/\/www.linkedin.com\/company\/wolkswagen-flechelle\/"]}]}},"_links":{"self":[{"href":"https:\/\/flechelle.com\/wp1\/wp-json\/wp\/v2\/pages\/301","targetHints":{"allow":["GET"]}}],"collection":[{"href":"https:\/\/flechelle.com\/wp1\/wp-json\/wp\/v2\/pages"}],"about":[{"href":"https:\/\/flechelle.com\/wp1\/wp-json\/wp\/v2\/types\/page"}],"author":[{"embeddable":true,"href":"https:\/\/flechelle.com\/wp1\/wp-json\/wp\/v2\/users\/1"}],"replies":[{"embeddable":true,"href":"https:\/\/flechelle.com\/wp1\/wp-json\/wp\/v2\/comments?post=301"}],"version-history":[{"count":85,"href":"https:\/\/flechelle.com\/wp1\/wp-json\/wp\/v2\/pages\/301\/revisions"}],"predecessor-version":[{"id":7671,"href":"https:\/\/flechelle.com\/wp1\/wp-json\/wp\/v2\/pages\/301\/revisions\/7671"}],"wp:attachment":[{"href":"https:\/\/flechelle.com\/wp1\/wp-json\/wp\/v2\/media?parent=301"}],"curies":[{"name":"wp","href":"https:\/\/api.w.org\/{rel}","templated":true}]}}