{"id":272,"date":"2025-03-28T21:04:23","date_gmt":"2025-03-28T21:04:23","guid":{"rendered":"https:\/\/rafaelalviarez.site\/efa\/?page_id=272"},"modified":"2026-03-12T21:52:04","modified_gmt":"2026-03-12T21:52:04","slug":"taller-especializado-audi","status":"publish","type":"page","link":"https:\/\/flechelle.com\/wp1\/taller-especializado-audi\/","title":{"rendered":"Taller Especializado Audi"},"content":{"rendered":"\t\t<div data-elementor-type=\"wp-page\" data-elementor-id=\"272\" class=\"elementor elementor-272\" data-elementor-post-type=\"page\">\n\t\t\t\t<div class=\"elementor-element elementor-element-2f89f52b e-flex e-con-boxed e-con e-parent\" data-id=\"2f89f52b\" data-element_type=\"container\" data-settings=\"{&quot;background_background&quot;:&quot;classic&quot;}\">\n\t\t\t\t\t<div class=\"e-con-inner\">\n\t\t<div class=\"elementor-element elementor-element-a69527b e-con-full e-flex e-con e-child\" data-id=\"a69527b\" data-element_type=\"container\">\n\t\t<div class=\"elementor-element elementor-element-fc70bcf e-con-full e-flex e-con e-child\" data-id=\"fc70bcf\" data-element_type=\"container\">\n\t\t<div class=\"elementor-element elementor-element-46fa4c3 e-con-full e-flex e-con e-child\" data-id=\"46fa4c3\" data-element_type=\"container\">\n\t\t\t\t<div class=\"elementor-element elementor-element-436fbbf elementor-widget__width-initial elementor-widget-mobile__width-initial elementor-widget elementor-widget-image\" data-id=\"436fbbf\" data-element_type=\"widget\" data-widget_type=\"image.default\">\n\t\t\t\t<div class=\"elementor-widget-container\">\n\t\t\t\t\t\t\t\t\t\t\t\t\t\t\t<img fetchpriority=\"high\" decoding=\"async\" width=\"512\" height=\"200\" src=\"https:\/\/flechelle.com\/wp1\/wp-content\/uploads\/2025\/03\/LOGO-AUDI.png\" class=\"attachment-full size-full wp-image-275\" alt=\"\" srcset=\"https:\/\/flechelle.com\/wp1\/wp-content\/uploads\/2025\/03\/LOGO-AUDI.png 512w, https:\/\/flechelle.com\/wp1\/wp-content\/uploads\/2025\/03\/LOGO-AUDI-300x117.png 300w\" sizes=\"(max-width: 512px) 100vw, 512px\" \/>\t\t\t\t\t\t\t\t\t\t\t\t\t\t\t<\/div>\n\t\t\t\t<\/div>\n\t\t\t\t<div class=\"elementor-element elementor-element-270baa4 elementor-widget-mobile__width-initial elementor-widget elementor-widget-heading\" data-id=\"270baa4\" data-element_type=\"widget\" data-widget_type=\"heading.default\">\n\t\t\t\t<div class=\"elementor-widget-container\">\n\t\t\t\t\t<h6 class=\"elementor-heading-title elementor-size-default\">Mantenimiento y Mec\u00e1nica, Repuestos, Planchado y Pintura<\/h6>\t\t\t\t<\/div>\n\t\t\t\t<\/div>\n\t\t\t\t<\/div>\n\t\t\t\t<div class=\"elementor-element elementor-element-3a99bcb elementor-widget elementor-widget-heading\" data-id=\"3a99bcb\" data-element_type=\"widget\" data-widget_type=\"heading.default\">\n\t\t\t\t<div class=\"elementor-widget-container\">\n\t\t\t\t\t<h1 class=\"elementor-heading-title elementor-size-default\">Servicio Especializado Audi<\/h1>\t\t\t\t<\/div>\n\t\t\t\t<\/div>\n\t\t\t\t<\/div>\n\t\t\t\t<div class=\"elementor-element elementor-element-165e201 elementor-widget elementor-widget-text-editor\" data-id=\"165e201\" data-element_type=\"widget\" data-widget_type=\"text-editor.default\">\n\t\t\t\t<div class=\"elementor-widget-container\">\n\t\t\t\t\t\t\t\t\t<p>Servicio especializado en mec\u00e1nica, repuestos originales, planchado y pintura para tu Audi. Calidad certificada y garant\u00eda.<\/p>\t\t\t\t\t\t\t\t<\/div>\n\t\t\t\t<\/div>\n\t\t\t\t<\/div>\n\t\t<div class=\"elementor-element elementor-element-0acb730 e-con-full e-flex e-con e-child\" data-id=\"0acb730\" data-element_type=\"container\">\n\t\t<div class=\"elementor-element elementor-element-b1a599b e-flex e-con-boxed e-con e-child\" data-id=\"b1a599b\" data-element_type=\"container\" data-settings=\"{&quot;background_background&quot;:&quot;classic&quot;}\">\n\t\t\t\t\t<div class=\"e-con-inner\">\n\t\t\t\t<div class=\"elementor-element elementor-element-8e39626 elementor-widget elementor-widget-heading\" data-id=\"8e39626\" data-element_type=\"widget\" data-widget_type=\"heading.default\">\n\t\t\t\t<div class=\"elementor-widget-container\">\n\t\t\t\t\t<h2 class=\"elementor-heading-title elementor-size-default\">Mantenimiento y Mec\u00e1nica Especializada Audi<\/h2>\t\t\t\t<\/div>\n\t\t\t\t<\/div>\n\t\t\t\t<div class=\"elementor-element elementor-element-3e8ad60 elementor-widget elementor-widget-text-editor\" data-id=\"3e8ad60\" data-element_type=\"widget\" data-widget_type=\"text-editor.default\">\n\t\t\t\t<div class=\"elementor-widget-container\">\n\t\t\t\t\t\t\t\t\t<p>En nuestro <strong>taller especializado Audi<\/strong>, contamos con un equipo altamente capacitado y certificado para ofrecer diagn\u00f3sticos precisos, revisiones exhaustivas y reparaciones con garant\u00eda. Gracias a nuestra trayectoria y experiencia en los procesos y est\u00e1ndares de Volkswagen AG, aseguramos un servicio de calidad que mantiene tu Audi en condiciones \u00f3ptimas.<\/p><h3>Beneficios de nuestro servicio:<\/h3><ul data-spread=\"false\"><li><p>Diagn\u00f3sticos avanzados con tecnolog\u00eda de \u00faltima generaci\u00f3n.<\/p><\/li><li><p>Uso de herramientas y equipos especializados para Audi.<\/p><\/li><li><p>Cumplimiento estricto de los protocolos t\u00e9cnicos recomendados por la marca.<\/p><\/li><li><p>Servicio exclusivo para veh\u00edculos fuera del periodo de garant\u00eda de f\u00e1brica.<\/p><\/li><\/ul><p><strong>Agenda tu mantenimiento hoy y mant\u00e9n tu Audi en perfectas condiciones.<\/strong><\/p>\t\t\t\t\t\t\t\t<\/div>\n\t\t\t\t<\/div>\n\t\t\t\t<div class=\"elementor-element elementor-element-ac095e3 elementor-tablet-align-center elementor-widget elementor-widget-button\" data-id=\"ac095e3\" data-element_type=\"widget\" data-widget_type=\"button.default\">\n\t\t\t\t<div class=\"elementor-widget-container\">\n\t\t\t\t\t\t\t\t\t<div class=\"elementor-button-wrapper\">\n\t\t\t\t\t<a class=\"elementor-button elementor-button-link elementor-size-sm\" href=\"#elementor-action%3Aaction%3Dpopup%3Aopen%26settings%3DeyJpZCI6IjUwOCIsInRvZ2dsZSI6ZmFsc2V9\">\n\t\t\t\t\t\t<span class=\"elementor-button-content-wrapper\">\n\t\t\t\t\t\t\t\t\t<span class=\"elementor-button-text\">CITAS TALLER <\/span>\n\t\t\t\t\t<\/span>\n\t\t\t\t\t<\/a>\n\t\t\t\t<\/div>\n\t\t\t\t\t\t\t\t<\/div>\n\t\t\t\t<\/div>\n\t\t\t\t\t<\/div>\n\t\t\t\t<\/div>\n\t\t<div class=\"elementor-element elementor-element-ba2460f e-flex e-con-boxed e-con e-child\" data-id=\"ba2460f\" data-element_type=\"container\" data-settings=\"{&quot;background_background&quot;:&quot;classic&quot;}\">\n\t\t\t\t\t<div class=\"e-con-inner\">\n\t\t\t\t<div class=\"elementor-element elementor-element-476b06e elementor-widget elementor-widget-heading\" data-id=\"476b06e\" data-element_type=\"widget\" data-widget_type=\"heading.default\">\n\t\t\t\t<div class=\"elementor-widget-container\">\n\t\t\t\t\t<h2 class=\"elementor-heading-title elementor-size-default\">Planchado y Pintura Audi \u2013 Acabados de F\u00e1brica<\/h2>\t\t\t\t<\/div>\n\t\t\t\t<\/div>\n\t\t\t\t<div class=\"elementor-element elementor-element-3433a59 elementor-widget elementor-widget-text-editor\" data-id=\"3433a59\" data-element_type=\"widget\" data-widget_type=\"text-editor.default\">\n\t\t\t\t<div class=\"elementor-widget-container\">\n\t\t\t\t\t\t\t\t\t<p data-pm-slice=\"1 1 []\">Si tu Audi ha sufrido alg\u00fan da\u00f1o est\u00e9tico, en nuestro <strong>Centro Especializado en Planchado y Pintura Audi<\/strong>, afiliado a todas las compa\u00f1\u00edas de seguros, restauramos la apariencia original de tu veh\u00edculo con precisi\u00f3n y rapidez. Nuestro taller cuenta con equipos de \u00faltima tecnolog\u00eda para lograr acabados perfectos, respetando los est\u00e1ndares de Audi.<\/p><h3>\u00bfPor qu\u00e9 confiar en nuestro servicio de Planchado y Pintura Audi?<\/h3><ul data-spread=\"false\"><li><p>Uso de pinturas y materiales certificados por Audi.<\/p><\/li><li><p>Procesos de reparaci\u00f3n con controles de calidad rigurosos.<\/p><\/li><li><p>R\u00e1pida gesti\u00f3n con aseguradoras para minimizar tiempos de espera.<\/p><\/li><li><p>Personal altamente capacitado en reparaciones de carrocer\u00eda Audi.<\/p><\/li><\/ul><p><strong>Recupera el brillo y elegancia de tu Audi.<\/strong><\/p>\t\t\t\t\t\t\t\t<\/div>\n\t\t\t\t<\/div>\n\t\t\t\t<div class=\"elementor-element elementor-element-0cad3cf elementor-tablet-align-center elementor-widget elementor-widget-button\" data-id=\"0cad3cf\" data-element_type=\"widget\" data-widget_type=\"button.default\">\n\t\t\t\t<div class=\"elementor-widget-container\">\n\t\t\t\t\t\t\t\t\t<div class=\"elementor-button-wrapper\">\n\t\t\t\t\t<a class=\"elementor-button elementor-button-link elementor-size-sm\" href=\"#elementor-action%3Aaction%3Dpopup%3Aopen%26settings%3DeyJpZCI6IjUwOCIsInRvZ2dsZSI6ZmFsc2V9\">\n\t\t\t\t\t\t<span class=\"elementor-button-content-wrapper\">\n\t\t\t\t\t\t\t\t\t<span class=\"elementor-button-text\">CITAS TALLER<\/span>\n\t\t\t\t\t<\/span>\n\t\t\t\t\t<\/a>\n\t\t\t\t<\/div>\n\t\t\t\t\t\t\t\t<\/div>\n\t\t\t\t<\/div>\n\t\t\t\t\t<\/div>\n\t\t\t\t<\/div>\n\t\t<div class=\"elementor-element elementor-element-f4407ec e-flex e-con-boxed e-con e-child\" data-id=\"f4407ec\" data-element_type=\"container\" data-settings=\"{&quot;background_background&quot;:&quot;classic&quot;}\">\n\t\t\t\t\t<div class=\"e-con-inner\">\n\t\t\t\t<div class=\"elementor-element elementor-element-a36275f elementor-widget elementor-widget-heading\" data-id=\"a36275f\" data-element_type=\"widget\" data-widget_type=\"heading.default\">\n\t\t\t\t<div class=\"elementor-widget-container\">\n\t\t\t\t\t<h2 class=\"elementor-heading-title elementor-size-default\">Venta de Repuestos Originales Audi<\/h2>\t\t\t\t<\/div>\n\t\t\t\t<\/div>\n\t\t\t\t<div class=\"elementor-element elementor-element-49e6c83 elementor-widget elementor-widget-text-editor\" data-id=\"49e6c83\" data-element_type=\"widget\" data-widget_type=\"text-editor.default\">\n\t\t\t\t<div class=\"elementor-widget-container\">\n\t\t\t\t\t\t\t\t\t<p data-pm-slice=\"1 3 []\">Nos aseguramos de que cada reparaci\u00f3n y mantenimiento en nuestro <strong>taller especializado Audi<\/strong> se realice con repuestos originales, garantizando la calidad y el rendimiento de tu veh\u00edculo. Contamos con un <strong>convenio de abastecimiento directo con el importador oficial de Audi en Per\u00fa<\/strong>, dentro del programa NORA, lo que nos permite ofrecer piezas 100% certificadas.<\/p><h3>Ventajas de nuestros repuestos Audi:<\/h3><ul data-spread=\"false\"><li><p>Piezas originales con certificaci\u00f3n de Audi.<\/p><\/li><li><p>Identificaci\u00f3n r\u00e1pida y precisa con el sistema ETKA.<\/p><\/li><li><p>Actualizaci\u00f3n constante para garantizar compatibilidad con los modelos m\u00e1s recientes.<\/p><\/li><li><p>Mayor durabilidad y seguridad para tu veh\u00edculo.<\/p><\/li><\/ul><p data-pm-slice=\"1 1 []\"><strong>Solicita tu cotizaci\u00f3n de repuestos originales Audi hoy mismo.<\/strong><\/p>\t\t\t\t\t\t\t\t<\/div>\n\t\t\t\t<\/div>\n\t\t\t\t<div class=\"elementor-element elementor-element-8eb7a6c elementor-tablet-align-center elementor-widget elementor-widget-button\" data-id=\"8eb7a6c\" data-element_type=\"widget\" data-widget_type=\"button.default\">\n\t\t\t\t<div class=\"elementor-widget-container\">\n\t\t\t\t\t\t\t\t\t<div class=\"elementor-button-wrapper\">\n\t\t\t\t\t<a class=\"elementor-button elementor-button-link elementor-size-sm\" href=\"#elementor-action%3Aaction%3Dpopup%3Aopen%26settings%3DeyJpZCI6IjUxMSIsInRvZ2dsZSI6ZmFsc2V9\">\n\t\t\t\t\t\t<span class=\"elementor-button-content-wrapper\">\n\t\t\t\t\t\t\t\t\t<span class=\"elementor-button-text\">COTIZACI\u00d3N REPUESTOS<\/span>\n\t\t\t\t\t<\/span>\n\t\t\t\t\t<\/a>\n\t\t\t\t<\/div>\n\t\t\t\t\t\t\t\t<\/div>\n\t\t\t\t<\/div>\n\t\t\t\t\t<\/div>\n\t\t\t\t<\/div>\n\t\t\t\t<\/div>\n\t\t<div class=\"elementor-element elementor-element-65f153c9 e-con-full e-flex e-con e-child\" data-id=\"65f153c9\" data-element_type=\"container\">\n\t\t\t\t<div class=\"elementor-element elementor-element-d0787e7 elementor-widget elementor-widget-heading\" data-id=\"d0787e7\" data-element_type=\"widget\" data-widget_type=\"heading.default\">\n\t\t\t\t<div class=\"elementor-widget-container\">\n\t\t\t\t\t<h2 class=\"elementor-heading-title elementor-size-default\">\u00a1Conf\u00eda en expertos y mant\u00e9n tu Audi en su mejor estado!<\/h2>\t\t\t\t<\/div>\n\t\t\t\t<\/div>\n\t\t\t\t<div class=\"elementor-element elementor-element-7e2dedaa elementor-widget elementor-widget-text-editor\" data-id=\"7e2dedaa\" data-element_type=\"widget\" data-widget_type=\"text-editor.default\">\n\t\t\t\t<div class=\"elementor-widget-container\">\n\t\t\t\t\t\t\t\t\t<p data-pm-slice=\"1 1 []\">Nuestro compromiso es ofrecerte un servicio de <strong>calidad, confianza y excelencia<\/strong>. En nuestro <strong>taller especializado Audi<\/strong>, garantizamos que tu veh\u00edculo est\u00e9 en manos expertas y reciba el mantenimiento adecuado para mantener su alto desempe\u00f1o y seguridad.<\/p>\t\t\t\t\t\t\t\t<\/div>\n\t\t\t\t<\/div>\n\t\t\t\t<div class=\"elementor-element elementor-element-cb132d5 elementor-icon-list--layout-inline elementor-hidden-tablet elementor-hidden-mobile elementor-list-item-link-full_width elementor-widget elementor-widget-icon-list\" data-id=\"cb132d5\" data-element_type=\"widget\" data-widget_type=\"icon-list.default\">\n\t\t\t\t<div class=\"elementor-widget-container\">\n\t\t\t\t\t\t\t<ul class=\"elementor-icon-list-items elementor-inline-items\">\n\t\t\t\t\t\t\t<li class=\"elementor-icon-list-item elementor-inline-item\">\n\t\t\t\t\t\t\t\t\t\t<span class=\"elementor-icon-list-text\">Ll\u00e1manos al (01) 7436776 anexo 1 \/  951 500 810<\/span>\n\t\t\t\t\t\t\t\t\t<\/li>\n\t\t\t\t\t\t\t\t<li class=\"elementor-icon-list-item elementor-inline-item\">\n\t\t\t\t\t\t\t\t\t\t<span class=\"elementor-icon-list-text\">WhatsApp: 951 500 810 <\/span>\n\t\t\t\t\t\t\t\t\t<\/li>\n\t\t\t\t\t\t\t\t<li class=\"elementor-icon-list-item elementor-inline-item\">\n\t\t\t\t\t\t\t\t\t\t<span class=\"elementor-icon-list-text\">contacto@flechelle.com.pe<\/span>\n\t\t\t\t\t\t\t\t\t<\/li>\n\t\t\t\t\t\t<\/ul>\n\t\t\t\t\t\t<\/div>\n\t\t\t\t<\/div>\n\t\t\t\t<div class=\"elementor-element elementor-element-4a1836d elementor-hidden-widescreen elementor-hidden-desktop elementor-icon-list--layout-traditional elementor-list-item-link-full_width elementor-widget elementor-widget-icon-list\" data-id=\"4a1836d\" data-element_type=\"widget\" data-widget_type=\"icon-list.default\">\n\t\t\t\t<div class=\"elementor-widget-container\">\n\t\t\t\t\t\t\t<ul class=\"elementor-icon-list-items\">\n\t\t\t\t\t\t\t<li class=\"elementor-icon-list-item\">\n\t\t\t\t\t\t\t\t\t\t<span class=\"elementor-icon-list-text\">Ll\u00e1manos al (01) 7436776 anexo 1 \/  951 500 810<\/span>\n\t\t\t\t\t\t\t\t\t<\/li>\n\t\t\t\t\t\t\t\t<li class=\"elementor-icon-list-item\">\n\t\t\t\t\t\t\t\t\t\t<span class=\"elementor-icon-list-text\">WhatsApp: 951 500 810 <\/span>\n\t\t\t\t\t\t\t\t\t<\/li>\n\t\t\t\t\t\t\t\t<li class=\"elementor-icon-list-item\">\n\t\t\t\t\t\t\t\t\t\t<span class=\"elementor-icon-list-text\">contacto@flechelle.com.pe<\/span>\n\t\t\t\t\t\t\t\t\t<\/li>\n\t\t\t\t\t\t<\/ul>\n\t\t\t\t\t\t<\/div>\n\t\t\t\t<\/div>\n\t\t\t\t<\/div>\n\t\t\t\t\t<\/div>\n\t\t\t\t<\/div>\n\t\t\t\t<\/div>\n\t\t","protected":false},"excerpt":{"rendered":"<p>Mantenimiento y Mec\u00e1nica, Repuestos, Planchado y Pintura Servicio Especializado Audi Servicio especializado en mec\u00e1nica, repuestos originales, planchado y pintura para tu Audi. Calidad certificada y garant\u00eda. Mantenimiento y Mec\u00e1nica Especializada Audi En nuestro taller especializado Audi, contamos con un equipo altamente capacitado y certificado para ofrecer diagn\u00f3sticos precisos, revisiones exhaustivas y reparaciones con garant\u00eda. Gracias [&hellip;]<\/p>\n","protected":false},"author":1,"featured_media":0,"parent":0,"menu_order":0,"comment_status":"closed","ping_status":"closed","template":"","meta":{"footnotes":""},"class_list":["post-272","page","type-page","status-publish","hentry"],"yoast_head":"<!-- This site is optimized with the Yoast SEO plugin v27.2 - https:\/\/yoast.com\/product\/yoast-seo-wordpress\/ -->\n<title>EFA | Flechelle - Taller Especializado Audi<\/title>\n<meta name=\"description\" content=\"Servicio especializado en mec\u00e1nica, repuestos originales, planchado y pintura para tu Audi. Calidad certificada y garant\u00eda.\" \/>\n<meta name=\"robots\" content=\"index, follow, max-snippet:-1, max-image-preview:large, max-video-preview:-1\" \/>\n<link rel=\"canonical\" href=\"https:\/\/flechelle.com\/wp1\/taller-especializado-audi\/\" \/>\n<meta property=\"og:locale\" content=\"es_ES\" \/>\n<meta property=\"og:type\" content=\"article\" \/>\n<meta property=\"og:title\" content=\"EFA | Flechelle - Taller Especializado Audi\" \/>\n<meta property=\"og:description\" content=\"Servicio especializado en mec\u00e1nica, repuestos originales, planchado y pintura para tu Audi. Calidad certificada y garant\u00eda.\" \/>\n<meta property=\"og:url\" content=\"https:\/\/flechelle.com\/wp1\/taller-especializado-audi\/\" \/>\n<meta property=\"og:site_name\" content=\"EFA | Flechelle\" \/>\n<meta property=\"article:publisher\" content=\"https:\/\/www.facebook.com\/EFAFlechelle\/\" \/>\n<meta property=\"article:modified_time\" content=\"2026-03-12T21:52:04+00:00\" \/>\n<meta property=\"og:image\" content=\"https:\/\/flechelle.com\/wp1\/wp-content\/uploads\/2025\/03\/Taller-especializado-en-pintura-y-planchado-Volkswagen-y-Audi.jpg\" \/>\n\t<meta property=\"og:image:width\" content=\"1800\" \/>\n\t<meta property=\"og:image:height\" content=\"1200\" \/>\n\t<meta property=\"og:image:type\" content=\"image\/jpeg\" \/>\n<meta name=\"twitter:card\" content=\"summary_large_image\" \/>\n<meta name=\"twitter:title\" content=\"EFA | Flechelle - Taller Especializado Audi\" \/>\n<meta name=\"twitter:description\" content=\"Servicio especializado en mec\u00e1nica, repuestos originales, planchado y pintura para tu Audi. Calidad certificada y garant\u00eda.\" \/>\n<meta name=\"twitter:image\" content=\"https:\/\/flechelle.com\/wp1\/wp-content\/uploads\/2025\/03\/Taller-especializado-en-pintura-y-planchado-Volkswagen-y-Audi.jpg\" \/>\n<meta name=\"twitter:label1\" content=\"Tiempo de lectura\" \/>\n\t<meta name=\"twitter:data1\" content=\"3 minutos\" \/>\n<script type=\"application\/ld+json\" class=\"yoast-schema-graph\">{\"@context\":\"https:\/\/schema.org\",\"@graph\":[{\"@type\":\"WebPage\",\"@id\":\"https:\/\/flechelle.com\/wp1\/taller-especializado-audi\/\",\"url\":\"https:\/\/flechelle.com\/wp1\/taller-especializado-audi\/\",\"name\":\"EFA | Flechelle - Taller Especializado Audi\",\"isPartOf\":{\"@id\":\"https:\/\/flechelle.com\/wp1\/#website\"},\"primaryImageOfPage\":{\"@id\":\"https:\/\/flechelle.com\/wp1\/taller-especializado-audi\/#primaryimage\"},\"image\":{\"@id\":\"https:\/\/flechelle.com\/wp1\/taller-especializado-audi\/#primaryimage\"},\"thumbnailUrl\":\"https:\/\/flechelle.com\/wp1\/wp-content\/uploads\/2025\/03\/LOGO-AUDI.png\",\"datePublished\":\"2025-03-28T21:04:23+00:00\",\"dateModified\":\"2026-03-12T21:52:04+00:00\",\"description\":\"Servicio especializado en mec\u00e1nica, repuestos originales, planchado y pintura para tu Audi. Calidad certificada y garant\u00eda.\",\"breadcrumb\":{\"@id\":\"https:\/\/flechelle.com\/wp1\/taller-especializado-audi\/#breadcrumb\"},\"inLanguage\":\"es\",\"potentialAction\":[{\"@type\":\"ReadAction\",\"target\":[\"https:\/\/flechelle.com\/wp1\/taller-especializado-audi\/\"]}]},{\"@type\":\"ImageObject\",\"inLanguage\":\"es\",\"@id\":\"https:\/\/flechelle.com\/wp1\/taller-especializado-audi\/#primaryimage\",\"url\":\"https:\/\/flechelle.com\/wp1\/wp-content\/uploads\/2025\/03\/LOGO-AUDI.png\",\"contentUrl\":\"https:\/\/flechelle.com\/wp1\/wp-content\/uploads\/2025\/03\/LOGO-AUDI.png\",\"width\":512,\"height\":200},{\"@type\":\"BreadcrumbList\",\"@id\":\"https:\/\/flechelle.com\/wp1\/taller-especializado-audi\/#breadcrumb\",\"itemListElement\":[{\"@type\":\"ListItem\",\"position\":1,\"name\":\"Portada\",\"item\":\"https:\/\/flechelle.com\/wp1\/\"},{\"@type\":\"ListItem\",\"position\":2,\"name\":\"Taller Especializado Audi\"}]},{\"@type\":\"WebSite\",\"@id\":\"https:\/\/flechelle.com\/wp1\/#website\",\"url\":\"https:\/\/flechelle.com\/wp1\/\",\"name\":\"EFA | Flechelle\",\"description\":\"Taller Oficial Volkswagen en Lima, Per\u00fa\",\"publisher\":{\"@id\":\"https:\/\/flechelle.com\/wp1\/#organization\"},\"potentialAction\":[{\"@type\":\"SearchAction\",\"target\":{\"@type\":\"EntryPoint\",\"urlTemplate\":\"https:\/\/flechelle.com\/wp1\/?s={search_term_string}\"},\"query-input\":{\"@type\":\"PropertyValueSpecification\",\"valueRequired\":true,\"valueName\":\"search_term_string\"}}],\"inLanguage\":\"es\"},{\"@type\":\"Organization\",\"@id\":\"https:\/\/flechelle.com\/wp1\/#organization\",\"name\":\"EFA | Flechelle\",\"url\":\"https:\/\/flechelle.com\/wp1\/\",\"logo\":{\"@type\":\"ImageObject\",\"inLanguage\":\"es\",\"@id\":\"https:\/\/flechelle.com\/wp1\/#\/schema\/logo\/image\/\",\"url\":\"https:\/\/flechelle.com\/wp1\/wp-content\/uploads\/2025\/03\/cropped-61321f3b00feb70004beb7bc.png\",\"contentUrl\":\"https:\/\/flechelle.com\/wp1\/wp-content\/uploads\/2025\/03\/cropped-61321f3b00feb70004beb7bc.png\",\"width\":512,\"height\":512,\"caption\":\"EFA | Flechelle\"},\"image\":{\"@id\":\"https:\/\/flechelle.com\/wp1\/#\/schema\/logo\/image\/\"},\"sameAs\":[\"https:\/\/www.facebook.com\/EFAFlechelle\/\",\"https:\/\/www.linkedin.com\/company\/wolkswagen-flechelle\/\"]}]}<\/script>\n<!-- \/ Yoast SEO plugin. -->","yoast_head_json":{"title":"EFA | Flechelle - Taller Especializado Audi","description":"Servicio especializado en mec\u00e1nica, repuestos originales, planchado y pintura para tu Audi. Calidad certificada y garant\u00eda.","robots":{"index":"index","follow":"follow","max-snippet":"max-snippet:-1","max-image-preview":"max-image-preview:large","max-video-preview":"max-video-preview:-1"},"canonical":"https:\/\/flechelle.com\/wp1\/taller-especializado-audi\/","og_locale":"es_ES","og_type":"article","og_title":"EFA | Flechelle - Taller Especializado Audi","og_description":"Servicio especializado en mec\u00e1nica, repuestos originales, planchado y pintura para tu Audi. Calidad certificada y garant\u00eda.","og_url":"https:\/\/flechelle.com\/wp1\/taller-especializado-audi\/","og_site_name":"EFA | Flechelle","article_publisher":"https:\/\/www.facebook.com\/EFAFlechelle\/","article_modified_time":"2026-03-12T21:52:04+00:00","og_image":[{"width":1800,"height":1200,"url":"https:\/\/flechelle.com\/wp1\/wp-content\/uploads\/2025\/03\/Taller-especializado-en-pintura-y-planchado-Volkswagen-y-Audi.jpg","type":"image\/jpeg"}],"twitter_card":"summary_large_image","twitter_title":"EFA | Flechelle - Taller Especializado Audi","twitter_description":"Servicio especializado en mec\u00e1nica, repuestos originales, planchado y pintura para tu Audi. Calidad certificada y garant\u00eda.","twitter_image":"https:\/\/flechelle.com\/wp1\/wp-content\/uploads\/2025\/03\/Taller-especializado-en-pintura-y-planchado-Volkswagen-y-Audi.jpg","twitter_misc":{"Tiempo de lectura":"3 minutos"},"schema":{"@context":"https:\/\/schema.org","@graph":[{"@type":"WebPage","@id":"https:\/\/flechelle.com\/wp1\/taller-especializado-audi\/","url":"https:\/\/flechelle.com\/wp1\/taller-especializado-audi\/","name":"EFA | Flechelle - Taller Especializado Audi","isPartOf":{"@id":"https:\/\/flechelle.com\/wp1\/#website"},"primaryImageOfPage":{"@id":"https:\/\/flechelle.com\/wp1\/taller-especializado-audi\/#primaryimage"},"image":{"@id":"https:\/\/flechelle.com\/wp1\/taller-especializado-audi\/#primaryimage"},"thumbnailUrl":"https:\/\/flechelle.com\/wp1\/wp-content\/uploads\/2025\/03\/LOGO-AUDI.png","datePublished":"2025-03-28T21:04:23+00:00","dateModified":"2026-03-12T21:52:04+00:00","description":"Servicio especializado en mec\u00e1nica, repuestos originales, planchado y pintura para tu Audi. Calidad certificada y garant\u00eda.","breadcrumb":{"@id":"https:\/\/flechelle.com\/wp1\/taller-especializado-audi\/#breadcrumb"},"inLanguage":"es","potentialAction":[{"@type":"ReadAction","target":["https:\/\/flechelle.com\/wp1\/taller-especializado-audi\/"]}]},{"@type":"ImageObject","inLanguage":"es","@id":"https:\/\/flechelle.com\/wp1\/taller-especializado-audi\/#primaryimage","url":"https:\/\/flechelle.com\/wp1\/wp-content\/uploads\/2025\/03\/LOGO-AUDI.png","contentUrl":"https:\/\/flechelle.com\/wp1\/wp-content\/uploads\/2025\/03\/LOGO-AUDI.png","width":512,"height":200},{"@type":"BreadcrumbList","@id":"https:\/\/flechelle.com\/wp1\/taller-especializado-audi\/#breadcrumb","itemListElement":[{"@type":"ListItem","position":1,"name":"Portada","item":"https:\/\/flechelle.com\/wp1\/"},{"@type":"ListItem","position":2,"name":"Taller Especializado Audi"}]},{"@type":"WebSite","@id":"https:\/\/flechelle.com\/wp1\/#website","url":"https:\/\/flechelle.com\/wp1\/","name":"EFA | Flechelle","description":"Taller Oficial Volkswagen en Lima, Per\u00fa","publisher":{"@id":"https:\/\/flechelle.com\/wp1\/#organization"},"potentialAction":[{"@type":"SearchAction","target":{"@type":"EntryPoint","urlTemplate":"https:\/\/flechelle.com\/wp1\/?s={search_term_string}"},"query-input":{"@type":"PropertyValueSpecification","valueRequired":true,"valueName":"search_term_string"}}],"inLanguage":"es"},{"@type":"Organization","@id":"https:\/\/flechelle.com\/wp1\/#organization","name":"EFA | Flechelle","url":"https:\/\/flechelle.com\/wp1\/","logo":{"@type":"ImageObject","inLanguage":"es","@id":"https:\/\/flechelle.com\/wp1\/#\/schema\/logo\/image\/","url":"https:\/\/flechelle.com\/wp1\/wp-content\/uploads\/2025\/03\/cropped-61321f3b00feb70004beb7bc.png","contentUrl":"https:\/\/flechelle.com\/wp1\/wp-content\/uploads\/2025\/03\/cropped-61321f3b00feb70004beb7bc.png","width":512,"height":512,"caption":"EFA | Flechelle"},"image":{"@id":"https:\/\/flechelle.com\/wp1\/#\/schema\/logo\/image\/"},"sameAs":["https:\/\/www.facebook.com\/EFAFlechelle\/","https:\/\/www.linkedin.com\/company\/wolkswagen-flechelle\/"]}]}},"_links":{"self":[{"href":"https:\/\/flechelle.com\/wp1\/wp-json\/wp\/v2\/pages\/272","targetHints":{"allow":["GET"]}}],"collection":[{"href":"https:\/\/flechelle.com\/wp1\/wp-json\/wp\/v2\/pages"}],"about":[{"href":"https:\/\/flechelle.com\/wp1\/wp-json\/wp\/v2\/types\/page"}],"author":[{"embeddable":true,"href":"https:\/\/flechelle.com\/wp1\/wp-json\/wp\/v2\/users\/1"}],"replies":[{"embeddable":true,"href":"https:\/\/flechelle.com\/wp1\/wp-json\/wp\/v2\/comments?post=272"}],"version-history":[{"count":49,"href":"https:\/\/flechelle.com\/wp1\/wp-json\/wp\/v2\/pages\/272\/revisions"}],"predecessor-version":[{"id":7601,"href":"https:\/\/flechelle.com\/wp1\/wp-json\/wp\/v2\/pages\/272\/revisions\/7601"}],"wp:attachment":[{"href":"https:\/\/flechelle.com\/wp1\/wp-json\/wp\/v2\/media?parent=272"}],"curies":[{"name":"wp","href":"https:\/\/api.w.org\/{rel}","templated":true}]}}